{"id":3297,"date":"2023-02-01T11:09:11","date_gmt":"2023-02-01T10:09:11","guid":{"rendered":"https:\/\/www.canoe-ardeche.com\/sejours-organises\/"},"modified":"2024-03-18T15:53:41","modified_gmt":"2024-03-18T14:53:41","slug":"organisierte-aufenthalte","status":"publish","type":"page","link":"https:\/\/www.canoe-ardeche.com\/de\/organisierte-aufenthalte\/","title":{"rendered":"Organisierte Aufenthalte"},"content":{"rendered":"<div class=\"fusion-fullwidth fullwidth-box fusion-builder-row-1 fusion-flex-container has-pattern-background has-mask-background nonhundred-percent-fullwidth non-hundred-percent-height-scrolling\" style=\"--awb-border-radius-top-left:0px;--awb-border-radius-top-right:0px;--awb-border-radius-bottom-right:0px;--awb-border-radius-bottom-left:0px;--awb-padding-top:50px;--awb-padding-bottom:50px;\" ><div class=\"fusion-builder-row fusion-row fusion-flex-align-items-flex-start\" style=\"max-width:1456px;margin-left: calc(-4% \/ 2 );margin-right: calc(-4% \/ 2 );\"><div class=\"fusion-layout-column fusion_builder_column fusion-builder-column-0 fusion_builder_column_1_1 1_1 fusion-flex-column\" style=\"--awb-bg-size:cover;--awb-width-large:100%;--awb-spacing-right-large:1.92%;--awb-spacing-left-large:1.92%;--awb-width-medium:100%;--awb-order-medium:0;--awb-spacing-right-medium:1.92%;--awb-spacing-left-medium:1.92%;--awb-width-small:100%;--awb-order-small:0;--awb-spacing-right-small:1.92%;--awb-spacing-left-small:1.92%;\"><div class=\"fusion-column-wrapper fusion-column-has-shadow fusion-flex-justify-content-flex-start fusion-content-layout-column\"><div class=\"fusion-title title fusion-title-1 fusion-sep-none fusion-title-center fusion-title-text fusion-title-size-one\"><h1 class=\"title-heading-center\" style=\"margin:0;\">Organisierte Aufenthalte<\/h1><\/div><\/div><\/div><div class=\"fusion-layout-column fusion_builder_column fusion-builder-column-1 fusion_builder_column_1_1 1_1 fusion-flex-column\" style=\"--awb-bg-size:cover;--awb-width-large:100%;--awb-spacing-right-large:1.92%;--awb-spacing-left-large:1.92%;--awb-width-medium:100%;--awb-order-medium:0;--awb-spacing-right-medium:1.92%;--awb-spacing-left-medium:1.92%;--awb-width-small:100%;--awb-order-small:0;--awb-spacing-right-small:1.92%;--awb-spacing-left-small:1.92%;\"><div class=\"fusion-column-wrapper fusion-column-has-shadow fusion-flex-justify-content-flex-start fusion-content-layout-column\"><div class=\"fusion-image-element \" style=\"text-align:center;--awb-margin-bottom:15px;\"><span class=\" fusion-imageframe imageframe-none imageframe-1 hover-type-none\"><img decoding=\"async\" width=\"400\" height=\"181\" title=\"Eevalys\" src=\"https:\/\/www.canoe-ardeche.com\/wp-content\/uploads\/logoevalys.png\" data-orig-src=\"https:\/\/www.canoe-ardeche.com\/wp-content\/uploads\/logoevalys.png\" alt class=\"lazyload img-responsive wp-image-3944\" srcset=\"data:image\/svg+xml,%3Csvg%20xmlns%3D%27http%3A%2F%2Fwww.w3.org%2F2000%2Fsvg%27%20width%3D%27400%27%20height%3D%27181%27%20viewBox%3D%270%200%20400%20181%27%3E%3Crect%20width%3D%27400%27%20height%3D%27181%27%20fill-opacity%3D%220%22%2F%3E%3C%2Fsvg%3E\" data-srcset=\"https:\/\/www.canoe-ardeche.com\/wp-content\/uploads\/logoevalys-200x91.png 200w, https:\/\/www.canoe-ardeche.com\/wp-content\/uploads\/logoevalys.png 400w\" data-sizes=\"auto\" data-orig-sizes=\"(max-width: 1024px) 100vw, (max-width: 640px) 100vw, 400px\" \/><\/span><\/div><div class=\"fusion-title title fusion-title-2 fusion-sep-none fusion-title-center fusion-title-text fusion-title-size-two\"><h2 class=\"title-heading-center\" style=\"margin:0;\"><p style=\"text-align: center;\">Die Agentur EVALYS, Reiseb\u00fcro und Veranstaltungsagentur, bietet Ihnen ma\u00dfgeschneiderte Aufenthalte.<\/p><\/h2><\/div><div class=\"fusion-text fusion-text-1\"><p style=\"text-align: center;\"><strong>Angebot auf Anfrage.<br \/>\nKontaktieren Sie uns f\u00fcr weitere Informationen unter <a href=\"tel:+33475371779\">0033 4 75 37 17 79<\/a><\/strong><\/p>\n<p style=\"text-align: center;\">Seid ihr ein Paar, eine Familie, Freunde, eine Gruppe?<br \/>\nKommen Sie und genie\u00dfen Sie die Outdoor-Aktivit\u00e4ten, die die Ard\u00e8che bietet.<br \/>\nWir bieten Ihnen ein ma\u00dfgeschneidertes Programm in v\u00f6lliger Freiheit, bei dem aber alles reserviert ist.<\/p>\n<\/div><\/div><\/div><div class=\"fusion-layout-column fusion_builder_column fusion-builder-column-2 fusion_builder_column_1_1 1_1 fusion-flex-column\" style=\"--awb-bg-size:cover;--awb-width-large:100%;--awb-spacing-right-large:1.92%;--awb-spacing-left-large:1.92%;--awb-width-medium:100%;--awb-order-medium:0;--awb-spacing-right-medium:1.92%;--awb-spacing-left-medium:1.92%;--awb-width-small:100%;--awb-order-small:0;--awb-spacing-right-small:1.92%;--awb-spacing-left-small:1.92%;\"><div class=\"fusion-column-wrapper fusion-column-has-shadow fusion-flex-justify-content-center fusion-content-layout-column\"><div class=\"fusion-title title fusion-title-3 fusion-sep-none fusion-title-text fusion-title-size-two\"><h2 class=\"title-heading-left\" style=\"margin:0;\">Wochenende in der Ard\u00e8che \u2013 Kanufahren und Canyoning<span class=\"h2-stitle\">2 Tage \/ 1 Nacht<\/span><\/h2><\/div><div class=\"fusion-builder-row fusion-builder-row-inner fusion-row fusion-flex-align-items-flex-start\" style=\"width:104% !important;max-width:104% !important;margin-left: calc(-4% \/ 2 );margin-right: calc(-4% \/ 2 );\"><div class=\"fusion-layout-column fusion_builder_column_inner fusion-builder-nested-column-0 fusion_builder_column_inner_2_3 2_3 fusion-flex-column fusion-flex-align-self-center\" style=\"--awb-bg-size:cover;--awb-width-large:66.666666666667%;--awb-spacing-right-large:2.88%;--awb-spacing-left-large:2.88%;--awb-width-medium:100%;--awb-order-medium:0;--awb-spacing-right-medium:1.92%;--awb-spacing-left-medium:1.92%;--awb-width-small:100%;--awb-order-small:0;--awb-spacing-right-small:1.92%;--awb-spacing-left-small:1.92%;\"><div class=\"fusion-column-wrapper fusion-column-has-shadow fusion-flex-justify-content-flex-start fusion-content-layout-column\"><div class=\"fusion-text fusion-text-2\"><p><strong>Tag 1: Kanufahren im Herzen der Ard\u00e8che-Schluchten \u2013 halber oder ganzer Tag<\/strong><br \/>\nMini-Abfahrt (7 km) oder lange Abfahrt (24 km) mit dem Kanu in den Gorges de l\u2019Ard\u00e8che. Entdecken Sie das Naturschutzgebiet, wilde Natur, au\u00dfergew\u00f6hnliche Landschaften &#8230; Erstaunliches garantiert! Installation im Hotel. Abendessen, Nacht.<\/p>\n<p><strong>Tag 2: Canyoning \u2013 halber Tag<\/strong><br \/>\nHerrliche Wasserwanderung in einer zauberhaften Naturkulisse mit Spr\u00fcngen (keine Pflicht), Rutschen, Abseilen&#8230; Vergn\u00fcgen und Emotionen in einer au\u00dfergew\u00f6hnlichen Naturkulisse!<\/p>\n<p><strong>Dieser Aufenthalt beinhaltet:<\/strong> Unterkunft und Halbpension im Hotel, kostenlose Kanufahrt und halbt\u00e4gige Canyoning-Aktivit\u00e4t.<\/p>\n<\/div><\/div><\/div><div class=\"fusion-layout-column fusion_builder_column_inner fusion-builder-nested-column-1 fusion_builder_column_inner_1_3 1_3 fusion-flex-column fusion-flex-align-self-center\" style=\"--awb-bg-size:cover;--awb-width-large:33.333333333333%;--awb-spacing-right-large:5.76%;--awb-spacing-left-large:5.76%;--awb-width-medium:100%;--awb-order-medium:0;--awb-spacing-right-medium:1.92%;--awb-spacing-left-medium:1.92%;--awb-width-small:100%;--awb-order-small:0;--awb-spacing-right-small:1.92%;--awb-spacing-left-small:1.92%;\"><div class=\"fusion-column-wrapper fusion-column-has-shadow fusion-flex-justify-content-flex-start fusion-content-layout-column\"><div class=\"fusion-image-element \" style=\"text-align:center;\"><span class=\" fusion-imageframe imageframe-none imageframe-2 hover-type-none\"><img decoding=\"async\" width=\"800\" height=\"504\" title=\"Week-end en Ard\u00e8che \u2013 Cano\u00eb-kayak et Canyoning\" src=\"https:\/\/www.canoe-ardeche.com\/wp-content\/uploads\/WEEK-END-ARDECHE-CANOE-KAYAK-et-CANYONING-01-e1491485690400.jpg\" data-orig-src=\"https:\/\/www.canoe-ardeche.com\/wp-content\/uploads\/WEEK-END-ARDECHE-CANOE-KAYAK-et-CANYONING-01-e1491485690400.jpg\" alt class=\"lazyload img-responsive wp-image-3298\" srcset=\"data:image\/svg+xml,%3Csvg%20xmlns%3D%27http%3A%2F%2Fwww.w3.org%2F2000%2Fsvg%27%20width%3D%27800%27%20height%3D%27504%27%20viewBox%3D%270%200%20800%20504%27%3E%3Crect%20width%3D%27800%27%20height%3D%27504%27%20fill-opacity%3D%220%22%2F%3E%3C%2Fsvg%3E\" data-srcset=\"https:\/\/www.canoe-ardeche.com\/wp-content\/uploads\/WEEK-END-ARDECHE-CANOE-KAYAK-et-CANYONING-01-e1491485690400-200x126.jpg 200w, https:\/\/www.canoe-ardeche.com\/wp-content\/uploads\/WEEK-END-ARDECHE-CANOE-KAYAK-et-CANYONING-01-e1491485690400-400x252.jpg 400w, https:\/\/www.canoe-ardeche.com\/wp-content\/uploads\/WEEK-END-ARDECHE-CANOE-KAYAK-et-CANYONING-01-e1491485690400-600x378.jpg 600w, https:\/\/www.canoe-ardeche.com\/wp-content\/uploads\/WEEK-END-ARDECHE-CANOE-KAYAK-et-CANYONING-01-e1491485690400.jpg 800w\" data-sizes=\"auto\" data-orig-sizes=\"(max-width: 1024px) 100vw, (max-width: 640px) 100vw, 600px\" \/><\/span><\/div><\/div><\/div><\/div><\/div><\/div><div class=\"fusion-layout-column fusion_builder_column fusion-builder-column-3 fusion_builder_column_1_1 1_1 fusion-flex-column\" style=\"--awb-bg-size:cover;--awb-width-large:100%;--awb-spacing-right-large:1.92%;--awb-spacing-left-large:1.92%;--awb-width-medium:100%;--awb-order-medium:0;--awb-spacing-right-medium:1.92%;--awb-spacing-left-medium:1.92%;--awb-width-small:100%;--awb-order-small:0;--awb-spacing-right-small:1.92%;--awb-spacing-left-small:1.92%;\"><div class=\"fusion-column-wrapper fusion-column-has-shadow fusion-flex-justify-content-center fusion-content-layout-column\"><div class=\"fusion-title title fusion-title-4 fusion-sep-none fusion-title-text fusion-title-size-two\"><h2 class=\"title-heading-left\" style=\"margin:0;\">Kurzurlaub in der Ard\u00e8che \u2013 Eine H\u00f6hle entdecken<span class=\"h2-stitle\">2 Tage \/ 1 Nacht<\/span><\/h2><\/div><div class=\"fusion-text fusion-text-3\"><p><strong>Tag 1: Kanufahren im Herzen der Ard\u00e8che-Schluchten \u2013 halbtags oder ganztags<\/strong><br \/>\nMini-Abfahrt (7 km) oder lange Abfahrt (24 km) mit dem Kanu in den Gorges de l\u2019Ard\u00e8che. Entdeckung des Naturschutzgebietes, wilde Natur, Landschaften <strong>au\u00dfergew\u00f6hnlich&#8230;erstaunlich garantiert! Installation im Hotel. Abendessen, Nacht.<\/strong><\/p>\n<p><strong>Tag 2: H\u00f6hle von Pont d\u2019Arc ODER Aven d\u2019Orgnac<\/strong><br \/>\nSie k\u00f6nnen eines seiner Wunder entdecken:<\/p>\n<ul>\n<li><strong>GEF\u00dcHRTE TOUR DURCH DIE PONT D\u2019ARC-H\u00d6HLE<\/strong> und selbstgef\u00fchrte Tour durch die Aurignacian-Galerie.<br \/>\nBesuchen Sie 36.000 Jahre sp\u00e4ter die identische Rekonstruktion der Chauvet-H\u00f6hle, die zum UNESCO-Weltkulturerbe geh\u00f6rt. La Caverne du Pont d\u2019Arc reproduziert mit Emotion alle Gem\u00e4lde und Gravuren: Pferde, L\u00f6wen \u2026 Ein einzigartiges Meisterwerk auf der Welt!<\/li>\n<li><strong>ODER GEF\u00dcHRTE TOUR durch AVEN D\u2019ORGNAC<\/strong> und selbst gef\u00fchrte Tour durch die Stadt der Vorgeschichte<br \/>\nHier l\u00e4sst Sie die Natur in ihre Geheimnisse eintauchen und erz\u00e4hlt Ihnen eine Geschichte, die vor 110 Millionen Jahren begann. Herrliche Naturst\u00e4tte, in der die Zeit eine fantastische unterirdische Welt geformt hat.<\/li>\n<\/ul>\n<p><strong>Dieser Aufenthalt beinhaltet:<\/strong> Unterkunft und Halbpension im Hotel, kostenloses Kanufahren und einen Besuch der Caverne du Pont d\u2019Arc oder der Aven d\u2019Orgnac.<\/p>\n<\/div><\/div><\/div><div class=\"fusion-layout-column fusion_builder_column fusion-builder-column-4 fusion_builder_column_1_1 1_1 fusion-flex-column\" style=\"--awb-bg-size:cover;--awb-width-large:100%;--awb-spacing-right-large:1.92%;--awb-spacing-left-large:1.92%;--awb-width-medium:100%;--awb-order-medium:0;--awb-spacing-right-medium:1.92%;--awb-spacing-left-medium:1.92%;--awb-width-small:100%;--awb-order-small:0;--awb-spacing-right-small:1.92%;--awb-spacing-left-small:1.92%;\"><div class=\"fusion-column-wrapper fusion-column-has-shadow fusion-flex-justify-content-center fusion-content-layout-column\"><div class=\"fusion-title title fusion-title-5 fusion-sep-none fusion-title-text fusion-title-size-two\"><h2 class=\"title-heading-left\" style=\"margin:0;\">Kurzurlaub in der Ard\u00e8che \u2013 Natursport<span class=\"h2-stitle\">4 Tage \/ 3 N\u00e4chte<\/span><\/h2><\/div><div class=\"fusion-builder-row fusion-builder-row-inner fusion-row fusion-flex-align-items-flex-start\" style=\"width:104% !important;max-width:104% !important;margin-left: calc(-4% \/ 2 );margin-right: calc(-4% \/ 2 );\"><div class=\"fusion-layout-column fusion_builder_column_inner fusion-builder-nested-column-2 fusion_builder_column_inner_1_2 1_2 fusion-flex-column\" style=\"--awb-bg-size:cover;--awb-width-large:50%;--awb-spacing-right-large:3.84%;--awb-spacing-left-large:3.84%;--awb-width-medium:100%;--awb-order-medium:0;--awb-spacing-right-medium:1.92%;--awb-spacing-left-medium:1.92%;--awb-width-small:100%;--awb-order-small:0;--awb-spacing-right-small:1.92%;--awb-spacing-left-small:1.92%;\"><div class=\"fusion-column-wrapper fusion-column-has-shadow fusion-flex-justify-content-flex-start fusion-content-layout-column\"><div class=\"fusion-text fusion-text-4\"><p><strong>Tag 1: Kanufahren im Herzen der Ard\u00e8che-Schluchten mit Biwak \u2013 2 Tage<\/strong><br \/>\nTolle Abfahrt (31 km) mit dem Kanu in 2 Tagen in den Gorges de l\u2019Ard\u00e8che.<br \/>\nEntdecken Sie das Naturschutzgebiet, wilde Natur, au\u00dfergew\u00f6hnliche Landschaften &#8230; Erstaunliches garantiert!<br \/>\nInstallation im Biwak. Barbecue-Abendessen auf eigene Kosten und \u00dcbernachtung im eigenen Zelt oder unter Marabout (gro\u00dfe Gemeinschaftszelte).<br \/>\nVor Ort: Gemeinschaftsduschen und Toiletten<\/p>\n<\/div><\/div><\/div><div class=\"fusion-layout-column fusion_builder_column_inner fusion-builder-nested-column-3 fusion_builder_column_inner_1_2 1_2 fusion-flex-column\" style=\"--awb-bg-size:cover;--awb-width-large:50%;--awb-spacing-right-large:3.84%;--awb-spacing-left-large:3.84%;--awb-width-medium:100%;--awb-order-medium:0;--awb-spacing-right-medium:1.92%;--awb-spacing-left-medium:1.92%;--awb-width-small:100%;--awb-order-small:0;--awb-spacing-right-small:1.92%;--awb-spacing-left-small:1.92%;\"><div class=\"fusion-column-wrapper fusion-column-has-shadow fusion-flex-justify-content-flex-start fusion-content-layout-column\"><div class=\"fusion-text fusion-text-5\"><p><strong>Tag 2: Kanufahren im Herzen der Ard\u00e8che-Schluchten<\/strong><br \/>\nFortsetzung des Abstiegs mit dem Kanu, um den zweiten Teil der Schluchten zu entdecken. Installation in Ihrem Hotel. Abendessen und Nacht.<\/p>\n<\/div><\/div><\/div><\/div><div class=\"fusion-builder-row fusion-builder-row-inner fusion-row fusion-flex-align-items-flex-start\" style=\"width:104% !important;max-width:104% !important;margin-left: calc(-4% \/ 2 );margin-right: calc(-4% \/ 2 );\"><div class=\"fusion-layout-column fusion_builder_column_inner fusion-builder-nested-column-4 fusion_builder_column_inner_1_2 1_2 fusion-flex-column\" style=\"--awb-bg-size:cover;--awb-width-large:50%;--awb-spacing-right-large:3.84%;--awb-spacing-left-large:3.84%;--awb-width-medium:100%;--awb-order-medium:0;--awb-spacing-right-medium:1.92%;--awb-spacing-left-medium:1.92%;--awb-width-small:100%;--awb-order-small:0;--awb-spacing-right-small:1.92%;--awb-spacing-left-small:1.92%;\"><div class=\"fusion-column-wrapper fusion-column-has-shadow fusion-flex-justify-content-flex-start fusion-content-layout-column\"><div class=\"fusion-text fusion-text-6\"><p><strong>Tag 3: Baumklettern und Aktivit\u00e4t Ihrer Wahl<\/strong><br \/>\n<strong>Am Morgen<\/strong> Abenteuerparcours: ein echtes Spinnennetz in den B\u00e4umen aus Seilrutschen, Seilbr\u00fccken, H\u00e4ngebr\u00fccken, Dschungelranken, Netze zum \u00dcberqueren &#8230;<br \/>\nParcours mit steigendem Schwierigkeitsgrad, angepasst an die F\u00e4higkeiten jedes Einzelnen.<\/p>\n<p><strong>Nachmittags<\/strong> Aktivit\u00e4t Ihrer Wahl:<\/p>\n<ul>\n<li>H\u00f6hlenforschung, um die Wunder der unterirdischen Welt zu entdecken.<\/li>\n<li>ODER Via Ferrata auf halbem Weg zwischen Klettern und Wandern<\/li>\n<li>ODER Canyoning durch eine herrliche Wasserwanderung<\/li>\n<li>ODER Reiten mit Fluss\u00fcberquerung zu Pferd.<\/li>\n<\/ul>\n<\/div><\/div><\/div><div class=\"fusion-layout-column fusion_builder_column_inner fusion-builder-nested-column-5 fusion_builder_column_inner_1_2 1_2 fusion-flex-column\" style=\"--awb-bg-size:cover;--awb-width-large:50%;--awb-spacing-right-large:3.84%;--awb-spacing-left-large:3.84%;--awb-width-medium:100%;--awb-order-medium:0;--awb-spacing-right-medium:1.92%;--awb-spacing-left-medium:1.92%;--awb-width-small:100%;--awb-order-small:0;--awb-spacing-right-small:1.92%;--awb-spacing-left-small:1.92%;\"><div class=\"fusion-column-wrapper fusion-column-has-shadow fusion-flex-justify-content-flex-start fusion-content-layout-column\"><div class=\"fusion-text fusion-text-7\"><p><strong>Tag 4: Aktivit\u00e4t Ihrer Wahl<\/strong><br \/>\nM\u00f6glichkeit einer Aktivit\u00e4t Ihrer Wahl, bevor Sie in Ihre Region zur\u00fcckkehren.<\/p>\n<\/div><div class=\"fusion-text fusion-text-8\" style=\"--awb-margin-top:30px;\"><p><strong>Abendessen und \u00dcbernachtung in Ihrem Hotel.<\/strong><\/p>\n<\/div><\/div><\/div><\/div><div class=\"fusion-builder-row fusion-builder-row-inner fusion-row fusion-flex-align-items-flex-start\" style=\"width:104% !important;max-width:104% !important;margin-left: calc(-4% \/ 2 );margin-right: calc(-4% \/ 2 );\"><div class=\"fusion-layout-column fusion_builder_column_inner fusion-builder-nested-column-6 fusion_builder_column_inner_2_3 2_3 fusion-flex-column fusion-flex-align-self-center\" style=\"--awb-bg-size:cover;--awb-width-large:66.666666666667%;--awb-spacing-right-large:2.88%;--awb-spacing-left-large:2.88%;--awb-width-medium:100%;--awb-order-medium:0;--awb-spacing-right-medium:1.92%;--awb-spacing-left-medium:1.92%;--awb-width-small:100%;--awb-order-small:0;--awb-spacing-right-small:1.92%;--awb-spacing-left-small:1.92%;\"><div class=\"fusion-column-wrapper fusion-column-has-shadow fusion-flex-justify-content-flex-start fusion-content-layout-column\"><div class=\"fusion-text fusion-text-9\"><p><strong>Dieser Aufenthalt beinhaltet<\/strong>:<\/p>\n<ul>\n<li>\u00dcbernachtung im Biwak und kostenlose Kanuabfahrt von 31 km \u00fcber 2 Tage,<\/li>\n<li>Unterkunft und Halbpension im Hotel f\u00fcr 2 N\u00e4chte, Baumkletteraktivit\u00e4t.<\/li>\n<\/ul>\n<p>Sind Sie ein Unternehmen? Ard\u00e8che ist der ideale Spielplatz, um den Zusammenhalt Ihres Teams zu st\u00e4rken.<br \/>\nWir organisieren Ihr ma\u00dfgeschneidertes Seminar oder Teambuilding, zum Beispiel mit einer unterhaltsamen Aktivit\u00e4t, die f\u00fcr alle zug\u00e4nglich ist.<\/p>\n<\/div><\/div><\/div><div class=\"fusion-layout-column fusion_builder_column_inner fusion-builder-nested-column-7 fusion_builder_column_inner_1_3 1_3 fusion-flex-column fusion-flex-align-self-center\" style=\"--awb-bg-size:cover;--awb-width-large:33.333333333333%;--awb-spacing-right-large:5.76%;--awb-spacing-left-large:5.76%;--awb-width-medium:100%;--awb-order-medium:0;--awb-spacing-right-medium:1.92%;--awb-spacing-left-medium:1.92%;--awb-width-small:100%;--awb-order-small:0;--awb-spacing-right-small:1.92%;--awb-spacing-left-small:1.92%;\"><div class=\"fusion-column-wrapper fusion-column-has-shadow fusion-flex-justify-content-flex-start fusion-content-layout-column\"><div class=\"fusion-image-element \" style=\"text-align:center;\"><span class=\" fusion-imageframe imageframe-none imageframe-3 hover-type-none\"><img decoding=\"async\" width=\"850\" height=\"638\" title=\"Escapade en Ard\u00e8che \u2013 Sports de nature\" src=\"https:\/\/www.canoe-ardeche.com\/wp-content\/uploads\/ESCAPADE-EN-ARDECHE-SPORTS-DE-NATURE-CANOE-CANYONING-ACCROBRANCHES-03.png\" data-orig-src=\"https:\/\/www.canoe-ardeche.com\/wp-content\/uploads\/ESCAPADE-EN-ARDECHE-SPORTS-DE-NATURE-CANOE-CANYONING-ACCROBRANCHES-03.png\" alt class=\"lazyload img-responsive wp-image-3946\" srcset=\"data:image\/svg+xml,%3Csvg%20xmlns%3D%27http%3A%2F%2Fwww.w3.org%2F2000%2Fsvg%27%20width%3D%27850%27%20height%3D%27638%27%20viewBox%3D%270%200%20850%20638%27%3E%3Crect%20width%3D%27850%27%20height%3D%27638%27%20fill-opacity%3D%220%22%2F%3E%3C%2Fsvg%3E\" data-srcset=\"https:\/\/www.canoe-ardeche.com\/wp-content\/uploads\/ESCAPADE-EN-ARDECHE-SPORTS-DE-NATURE-CANOE-CANYONING-ACCROBRANCHES-03-200x150.png 200w, https:\/\/www.canoe-ardeche.com\/wp-content\/uploads\/ESCAPADE-EN-ARDECHE-SPORTS-DE-NATURE-CANOE-CANYONING-ACCROBRANCHES-03-400x300.png 400w, https:\/\/www.canoe-ardeche.com\/wp-content\/uploads\/ESCAPADE-EN-ARDECHE-SPORTS-DE-NATURE-CANOE-CANYONING-ACCROBRANCHES-03-600x450.png 600w, https:\/\/www.canoe-ardeche.com\/wp-content\/uploads\/ESCAPADE-EN-ARDECHE-SPORTS-DE-NATURE-CANOE-CANYONING-ACCROBRANCHES-03-800x600.png 800w, https:\/\/www.canoe-ardeche.com\/wp-content\/uploads\/ESCAPADE-EN-ARDECHE-SPORTS-DE-NATURE-CANOE-CANYONING-ACCROBRANCHES-03.png 850w\" data-sizes=\"auto\" data-orig-sizes=\"(max-width: 1024px) 100vw, (max-width: 640px) 100vw, 600px\" \/><\/span><\/div><\/div><\/div><\/div><\/div><\/div><div class=\"fusion-layout-column fusion_builder_column fusion-builder-column-5 fusion_builder_column_1_1 1_1 fusion-flex-column\" style=\"--awb-bg-size:cover;--awb-width-large:100%;--awb-spacing-right-large:1.92%;--awb-spacing-left-large:1.92%;--awb-width-medium:100%;--awb-order-medium:0;--awb-spacing-right-medium:1.92%;--awb-spacing-left-medium:1.92%;--awb-width-small:100%;--awb-order-small:0;--awb-spacing-right-small:1.92%;--awb-spacing-left-small:1.92%;\"><div class=\"fusion-column-wrapper fusion-column-has-shadow fusion-flex-justify-content-flex-start fusion-content-layout-column\"><div class=\"fusion-title title fusion-title-6 fusion-sep-none fusion-title-text fusion-title-size-two\"><h2 class=\"title-heading-left\" style=\"margin:0;\">Ard\u00e8che-Seminar \u2013 Kanu-Herausforderung und Fahrt zum Mittelpunkt der Erde<span class=\"h2-stitle\">2 Tage \/ 1 Nacht<\/h2><\/div><div class=\"fusion-text fusion-text-10\"><p><\/span><\/p>\n<p>Zusammenhalt, Motivation, Belohnung, gute Laune und Staunen stehen bei diesem Aufenthalt auf dem Programm. Entdecken Sie bei einer unterhaltsamen Herausforderung ungew\u00f6hnliche Strecken, unterbrochen von Stopps mit au\u00dfergew\u00f6hnlichen Ausblicken.<\/p>\n<p><strong>Tag 1: Gehen Sie zum Mittelpunkt der Erde<\/strong><\/p>\n<p>Originelle und ungew\u00f6hnliche Aktivit\u00e4t: Entdeckung einer unerschlossenen H\u00f6hle durch eine Einf\u00fchrung in die H\u00f6hlenforschung. In Teams rennen Orientierungsl\u00e4ufer los, um die Eing\u00e4nge der H\u00f6hle zu entdecken, dann die H\u00f6hle zu durchqueren und den Bereich zu erreichen, der f\u00fcr den unterirdischen Aperitif vorgesehen ist. Installation in Ihrem Hotel. Abendessen und Nacht.<\/p>\n<p><strong>Tag 2: Kanu-Herausforderung<\/strong><\/p>\n<p>Mini-Abfahrt (7 km) mit dem Kanu in den Gorges de l\u2019Ard\u00e8che.<\/p>\n<p>Ziel der Herausforderung: Entdecken Sie die Besonderheiten des Flusses Ard\u00e8che durch unterhaltsame Tests. Entdeckung der herrlichen Landschaften der Schluchten. Wenn Sie m\u00f6chten, k\u00f6nnen Sie bei technischen und unterhaltsamen Veranstaltungen Punkte f\u00fcr Ihr Team sammeln. Bei der Ankunft Verkostung lokaler Produkte.<\/p>\n<p>Quiz und Preisverleihung an das Gewinnerteam!<\/p>\n<p>Picknick am Fluss oder Mittagessen in einem Gasthaus<\/p>\n<p>HINWEIS: F\u00fcr diejenigen, die nicht Kanu fahren m\u00f6chten, besteht die M\u00f6glichkeit, eine Wanderung mit verschiedenen Workshops (Baskenm\u00fctzenwerfen, \u00d6nologie, D\u00fcfte usw.) zu organisieren und anschlie\u00dfend Gruppen zur Verkostung zusammenzubringen.<\/p>\n<p><strong>Dieser Aufenthalt beinhaltet:<\/strong> Unterkunft und Halbpension im Hotel, Einf\u00fchrung mit unterirdischem Aperitif, Kanu-Challenge, Mittagessen am 2. Tag.<\/p>\n<p>M\u00f6glichkeit, ein Treffen, einen Abend zu planen oder Aktivit\u00e4ten hinzuzuf\u00fcgen (Reiten, Quad, Buggys, Canyoning, Kartfahren, Paintball, Olympiade usw.)<\/p>\n<\/div><\/div><\/div><\/div><\/div>\n","protected":false},"excerpt":{"rendered":"","protected":false},"author":1,"featured_media":0,"parent":0,"menu_order":0,"comment_status":"closed","ping_status":"closed","template":"100-width.php","meta":{"footnotes":""},"class_list":["post-3297","page","type-page","status-publish","hentry"],"_links":{"self":[{"href":"https:\/\/www.canoe-ardeche.com\/de\/wp-json\/wp\/v2\/pages\/3297","targetHints":{"allow":["GET"]}}],"collection":[{"href":"https:\/\/www.canoe-ardeche.com\/de\/wp-json\/wp\/v2\/pages"}],"about":[{"href":"https:\/\/www.canoe-ardeche.com\/de\/wp-json\/wp\/v2\/types\/page"}],"author":[{"embeddable":true,"href":"https:\/\/www.canoe-ardeche.com\/de\/wp-json\/wp\/v2\/users\/1"}],"replies":[{"embeddable":true,"href":"https:\/\/www.canoe-ardeche.com\/de\/wp-json\/wp\/v2\/comments?post=3297"}],"version-history":[{"count":7,"href":"https:\/\/www.canoe-ardeche.com\/de\/wp-json\/wp\/v2\/pages\/3297\/revisions"}],"predecessor-version":[{"id":3741,"href":"https:\/\/www.canoe-ardeche.com\/de\/wp-json\/wp\/v2\/pages\/3297\/revisions\/3741"}],"wp:attachment":[{"href":"https:\/\/www.canoe-ardeche.com\/de\/wp-json\/wp\/v2\/media?parent=3297"}],"curies":[{"name":"wp","href":"https:\/\/api.w.org\/{rel}","templated":true}]}}