{"id":3301,"date":"2023-01-23T11:55:42","date_gmt":"2023-01-23T10:55:42","guid":{"rendered":"https:\/\/www.canoe-ardeche.com\/via-ferrata\/"},"modified":"2025-05-12T15:10:59","modified_gmt":"2025-05-12T13:10:59","slug":"klettersteig","status":"publish","type":"page","link":"https:\/\/www.canoe-ardeche.com\/de\/klettersteig\/","title":{"rendered":"Klettersteig"},"content":{"rendered":"<div class=\"fusion-fullwidth fullwidth-box fusion-builder-row-1 fusion-flex-container has-pattern-background has-mask-background nonhundred-percent-fullwidth non-hundred-percent-height-scrolling\" style=\"--awb-border-radius-top-left:0px;--awb-border-radius-top-right:0px;--awb-border-radius-bottom-right:0px;--awb-border-radius-bottom-left:0px;--awb-padding-top:50px;--awb-padding-bottom:50px;\" ><div class=\"fusion-builder-row fusion-row fusion-flex-align-items-flex-start fusion-flex-justify-content-center\" style=\"max-width:1456px;margin-left: calc(-4% \/ 2 );margin-right: calc(-4% \/ 2 );\"><div class=\"fusion-layout-column fusion_builder_column fusion-builder-column-0 fusion_builder_column_1_1 1_1 fusion-flex-column\" style=\"--awb-bg-size:cover;--awb-width-large:100%;--awb-spacing-right-large:1.92%;--awb-spacing-left-large:1.92%;--awb-width-medium:100%;--awb-order-medium:0;--awb-spacing-right-medium:1.92%;--awb-spacing-left-medium:1.92%;--awb-width-small:100%;--awb-order-small:0;--awb-spacing-right-small:1.92%;--awb-spacing-left-small:1.92%;\"><div class=\"fusion-column-wrapper fusion-column-has-shadow fusion-flex-justify-content-flex-start fusion-content-layout-column\"><div class=\"fusion-title title fusion-title-1 fusion-sep-none fusion-title-center fusion-title-text fusion-title-size-one\" style=\"--awb-margin-bottom:0px;\"><h1 class=\"title-heading-center\" style=\"margin:0;\">Klettersteig<\/h1><\/div><div class=\"fusion-text fusion-text-1 h2-stitle\"><p style=\"text-align: center;\">Multi-Outdoor-Aktivit\u00e4ten mit unserem Partner GEO !<\/p>\n<\/div><\/div><\/div><div class=\"fusion-layout-column fusion_builder_column fusion-builder-column-1 fusion_builder_column_1_1 1_1 fusion-flex-column\" style=\"--awb-padding-bottom:30px;--awb-bg-size:cover;--awb-width-large:100%;--awb-spacing-right-large:1.92%;--awb-spacing-left-large:1.92%;--awb-width-medium:100%;--awb-order-medium:0;--awb-spacing-right-medium:1.92%;--awb-spacing-left-medium:1.92%;--awb-width-small:100%;--awb-order-small:0;--awb-spacing-right-small:1.92%;--awb-spacing-left-small:1.92%;\"><div class=\"fusion-column-wrapper fusion-column-has-shadow fusion-flex-justify-content-flex-start fusion-content-layout-column\"><div class=\"fusion-text fusion-text-2\" style=\"--awb-margin-top:20px;\"><p style=\"text-align: center;\">Vorzugspreise f\u00fcr Kunden der Base Nautique du Pont d\u2019Arc !<br \/>\nBuchen Sie auf der Website unseres Partners GEO und profitieren Sie mit dem Code BNPA von einem Rabatt von bis zu -10 % !<\/p>\n<\/div><div style=\"text-align:center;\"><a class=\"fusion-button button-flat fusion-button-default-size button-default fusion-button-default button-1 fusion-button-default-span fusion-button-default-type\" target=\"_blank\" rel=\"noopener noreferrer\" href=\"https:\/\/ardeche-canyon.com\/cat\/7\/via-ferrata\"><span class=\"fusion-button-text\">Verf\u00fcgbarkeit und Reservierungen Klettersteig<\/span><\/a><\/div><\/div><\/div><div class=\"fusion-layout-column fusion_builder_column fusion-builder-column-2 fusion_builder_column_1_3 1_3 fusion-flex-column bloc-activites\" style=\"--awb-bg-size:cover;--awb-width-large:33.333333333333%;--awb-spacing-right-large:5.76%;--awb-spacing-left-large:5.76%;--awb-width-medium:100%;--awb-order-medium:0;--awb-spacing-right-medium:1.92%;--awb-spacing-left-medium:1.92%;--awb-width-small:100%;--awb-order-small:0;--awb-spacing-right-small:1.92%;--awb-spacing-left-small:1.92%;\"><div class=\"fusion-column-wrapper fusion-column-has-shadow fusion-flex-justify-content-flex-start fusion-content-layout-column\"><div class=\"fusion-title title fusion-title-2 fusion-sep-none fusion-title-text fusion-title-size-two h2-likeh3\"><h2 class=\"title-heading-left\" style=\"margin:0;\">Klettersteig Le Pont du Diable<br \/>\n2h30 \u2013 \u00bd Tag<\/h2><\/div><div class=\"fusion-image-element \" style=\"text-align:center;\"><span class=\" fusion-imageframe imageframe-none imageframe-1 hover-type-none\"><img decoding=\"async\" width=\"600\" height=\"300\" title=\"Via Ferrata\" src=\"data:image\/svg+xml,%3Csvg%20xmlns%3D%27http%3A%2F%2Fwww.w3.org%2F2000%2Fsvg%27%20width%3D%271400%27%20height%3D%271050%27%20viewBox%3D%270%200%201400%201050%27%3E%3Crect%20width%3D%271400%27%20height%3D%271050%27%20fill-opacity%3D%220%22%2F%3E%3C%2Fsvg%3E\" data-orig-src=\"https:\/\/www.canoe-ardeche.com\/wp-content\/uploads\/via-ferrata-600x300.jpg\" alt class=\"lazyload img-responsive wp-image-3970\"\/><\/span><\/div><div class=\"fusion-separator fusion-full-width-sep\" style=\"align-self: center;margin-left: auto;margin-right: auto;margin-top:30px;width:100%;\"><\/div><div class=\"fusion-text fusion-text-3 txt-match\"><p><strong class=\"niveaux\"> Niveau <span class=\"nv\">Einfaches<\/span><span class=\"nv\"> ziemlich einfaches <\/span><span class=\"nv select\"> Durchschnitt<\/span><span class=\"nv\"> best\u00e4tigtes<\/span><\/strong><\/p>\n<div class=\"details-activite\"><span class=\"nd\">55 km entfernt <\/span><span class=\"nd\">Abenteuer <\/span><span class=\"nd\">Maximal 10 Personen \/ Lehrer <\/span><\/div>\n<p>Sportroute in der Felswand, ausgestattet mit spezifischen Elementen.<\/p>\n<p>Sie haben den zus\u00e4tzlichen Vorteil, eine Seilrutsche \u00fcber der Ard\u00e8che zu \u00fcberqueren, um das andere Ufer zu erreichen und so die schwindelerregende und steile Landschaft der Klippe Pont du Diable zu entdecken.<\/p>\n<div class=\"details-activite activite-tarifs\"><span class=\"nd\">Preis: 48 \u20ac<\/span><\/div>\n<\/div><\/div><\/div><div class=\"fusion-layout-column fusion_builder_column fusion-builder-column-3 fusion_builder_column_1_1 1_1 fusion-flex-column\" style=\"--awb-bg-size:cover;--awb-width-large:100%;--awb-spacing-right-large:1.92%;--awb-spacing-left-large:1.92%;--awb-width-medium:100%;--awb-order-medium:0;--awb-spacing-right-medium:1.92%;--awb-spacing-left-medium:1.92%;--awb-width-small:100%;--awb-order-small:0;--awb-spacing-right-small:1.92%;--awb-spacing-left-small:1.92%;\"><div class=\"fusion-column-wrapper fusion-column-has-shadow fusion-flex-justify-content-flex-start fusion-content-layout-column\"><div class=\"fusion-text fusion-text-4\"><p style=\"text-align: center;\">Aktivit\u00e4ten mit zertifizierten Ausbildern der Disziplin<br \/>\nBereitstellung spezifischer Ausr\u00fcstung f\u00fcr die Aus\u00fcbung der T\u00e4tigkeit<\/p>\n<\/div><\/div><\/div><\/div><\/div>\n","protected":false},"excerpt":{"rendered":"","protected":false},"author":1,"featured_media":0,"parent":0,"menu_order":0,"comment_status":"closed","ping_status":"closed","template":"","meta":{"footnotes":""},"class_list":["post-3301","page","type-page","status-publish","hentry"],"_links":{"self":[{"href":"https:\/\/www.canoe-ardeche.com\/de\/wp-json\/wp\/v2\/pages\/3301","targetHints":{"allow":["GET"]}}],"collection":[{"href":"https:\/\/www.canoe-ardeche.com\/de\/wp-json\/wp\/v2\/pages"}],"about":[{"href":"https:\/\/www.canoe-ardeche.com\/de\/wp-json\/wp\/v2\/types\/page"}],"author":[{"embeddable":true,"href":"https:\/\/www.canoe-ardeche.com\/de\/wp-json\/wp\/v2\/users\/1"}],"replies":[{"embeddable":true,"href":"https:\/\/www.canoe-ardeche.com\/de\/wp-json\/wp\/v2\/comments?post=3301"}],"version-history":[{"count":2,"href":"https:\/\/www.canoe-ardeche.com\/de\/wp-json\/wp\/v2\/pages\/3301\/revisions"}],"predecessor-version":[{"id":4418,"href":"https:\/\/www.canoe-ardeche.com\/de\/wp-json\/wp\/v2\/pages\/3301\/revisions\/4418"}],"wp:attachment":[{"href":"https:\/\/www.canoe-ardeche.com\/de\/wp-json\/wp\/v2\/media?parent=3301"}],"curies":[{"name":"wp","href":"https:\/\/api.w.org\/{rel}","templated":true}]}}