{"id":3305,"date":"2023-01-23T11:54:40","date_gmt":"2023-01-23T10:54:40","guid":{"rendered":"https:\/\/www.canoe-ardeche.com\/canyoning\/"},"modified":"2025-06-20T14:56:05","modified_gmt":"2025-06-20T12:56:05","slug":"canyoning","status":"publish","type":"page","link":"https:\/\/www.canoe-ardeche.com\/de\/canyoning\/","title":{"rendered":"Canyoning"},"content":{"rendered":"<div class=\"fusion-fullwidth fullwidth-box fusion-builder-row-1 fusion-flex-container has-pattern-background has-mask-background nonhundred-percent-fullwidth non-hundred-percent-height-scrolling\" style=\"--awb-border-radius-top-left:0px;--awb-border-radius-top-right:0px;--awb-border-radius-bottom-right:0px;--awb-border-radius-bottom-left:0px;--awb-padding-top:50px;--awb-padding-bottom:50px;\" ><div class=\"fusion-builder-row fusion-row fusion-flex-align-items-flex-start fusion-flex-justify-content-center\" style=\"max-width:1456px;margin-left: calc(-4% \/ 2 );margin-right: calc(-4% \/ 2 );\"><div class=\"fusion-layout-column fusion_builder_column fusion-builder-column-0 fusion_builder_column_1_1 1_1 fusion-flex-column\" style=\"--awb-bg-size:cover;--awb-width-large:100%;--awb-spacing-right-large:1.92%;--awb-spacing-left-large:1.92%;--awb-width-medium:100%;--awb-order-medium:0;--awb-spacing-right-medium:1.92%;--awb-spacing-left-medium:1.92%;--awb-width-small:100%;--awb-order-small:0;--awb-spacing-right-small:1.92%;--awb-spacing-left-small:1.92%;\"><div class=\"fusion-column-wrapper fusion-column-has-shadow fusion-flex-justify-content-flex-start fusion-content-layout-column\"><div class=\"fusion-title title fusion-title-1 fusion-sep-none fusion-title-center fusion-title-text fusion-title-size-one\" style=\"--awb-margin-bottom:0px;\"><h1 class=\"title-heading-center\" style=\"margin:0;\">Canyoning<\/h1><\/div><div class=\"fusion-text fusion-text-1 h2-stitle\"><p style=\"text-align: center;\">Multi-Outdoor-Aktivit\u00e4ten mit unserem Partner GEO !<\/p>\n<\/div><\/div><\/div><div class=\"fusion-layout-column fusion_builder_column fusion-builder-column-1 fusion_builder_column_1_1 1_1 fusion-flex-column\" style=\"--awb-padding-bottom:30px;--awb-bg-size:cover;--awb-width-large:100%;--awb-spacing-right-large:1.92%;--awb-spacing-left-large:1.92%;--awb-width-medium:100%;--awb-order-medium:0;--awb-spacing-right-medium:1.92%;--awb-spacing-left-medium:1.92%;--awb-width-small:100%;--awb-order-small:0;--awb-spacing-right-small:1.92%;--awb-spacing-left-small:1.92%;\"><div class=\"fusion-column-wrapper fusion-column-has-shadow fusion-flex-justify-content-flex-start fusion-content-layout-column\"><div class=\"fusion-text fusion-text-2\" style=\"--awb-margin-top:20px;\"><p style=\"text-align: center;\">Vorzugspreise f\u00fcr Kunden der Nautikbasis Pont d\u2019Arc!<br \/>\n<strong>Buchen Sie auf der Website unseres Partners GEO und profitieren Sie von einem Rabatt von bis zu 10 % mit dem Code <em>BNPA<\/em> !<\/strong><\/p>\n<p><em>Weitere Routen sind auf der GEO-Website verf\u00fcgbar.<\/em><\/p>\n<\/div><div style=\"text-align:center;\"><a class=\"fusion-button button-flat fusion-button-default-size button-default fusion-button-default button-1 fusion-button-default-span fusion-button-default-type\" target=\"_blank\" rel=\"noopener noreferrer\" href=\"https:\/\/ardeche-canyon.com\/cat\/2\/canyoning-ardeche\"><span class=\"fusion-button-text\">Verf\u00fcgbarkeit und Canyoning-Reservierungen<\/span><\/a><\/div><\/div><\/div><div class=\"fusion-layout-column fusion_builder_column fusion-builder-column-2 fusion_builder_column_1_3 1_3 fusion-flex-column bloc-activites\" style=\"--awb-bg-size:cover;--awb-width-large:33.333333333333%;--awb-spacing-right-large:5.76%;--awb-spacing-left-large:5.76%;--awb-width-medium:100%;--awb-order-medium:0;--awb-spacing-right-medium:1.92%;--awb-spacing-left-medium:1.92%;--awb-width-small:100%;--awb-order-small:0;--awb-spacing-right-small:1.92%;--awb-spacing-left-small:1.92%;\"><div class=\"fusion-column-wrapper fusion-column-has-shadow fusion-flex-justify-content-flex-start fusion-content-layout-column\"><div class=\"fusion-title title fusion-title-2 fusion-sep-none fusion-title-text fusion-title-size-two h2-likeh3\"><h2 class=\"title-heading-left\" style=\"margin:0;\"><p>Canyoning Basse Besorgues<br \/>\n1h30 \u2013 \u00bd Tag<\/p><\/h2><\/div><div class=\"fusion-image-element \" style=\"text-align:center;\"><span class=\" fusion-imageframe imageframe-none imageframe-1 hover-type-none\"><a href=\"https:\/\/www.canoe-ardeche.com\/wp-content\/uploads\/basse-besorgues-2-600x300.jpg\" class=\"fusion-lightbox\" data-rel=\"iLightbox[a2b0401508cef1fe6be]\" data-title=\"Canyoning\" title=\"Canyoning\"><img decoding=\"async\" width=\"600\" height=\"300\" src=\"data:image\/svg+xml,%3Csvg%20xmlns%3D%27http%3A%2F%2Fwww.w3.org%2F2000%2Fsvg%27%20width%3D%271400%27%20height%3D%27933%27%20viewBox%3D%270%200%201400%20933%27%3E%3Crect%20width%3D%271400%27%20height%3D%27933%27%20fill-opacity%3D%220%22%2F%3E%3C%2Fsvg%3E\" data-orig-src=\"https:\/\/www.canoe-ardeche.com\/wp-content\/uploads\/basse-besorgues-2-600x300.jpg\" alt class=\"lazyload img-responsive wp-image-3954\"\/><\/a><\/span><\/div><div class=\"fusion-separator fusion-full-width-sep\" style=\"align-self: center;margin-left: auto;margin-right: auto;margin-top:30px;width:100%;\"><\/div><div class=\"fusion-text fusion-text-3 txt-match\"><p><strong class=\"niveaux\"> Niveau <span class=\"nv select\">Einfaches<\/span><span class=\"nv\"> ziemlich einfaches <\/span><span class=\"nv\"> Durchschnitt<\/span><span class=\"nv\"> best\u00e4tigtes<\/span><\/strong><\/p>\n<div class=\"details-activite\"><span class=\"nd\"> 50 km entfernt<\/span><span class=\"nd\"> Ab 5 Jahren<\/span><span class=\"nd\">Maximal 12 Personen \/ Lehrer<\/span><\/div>\n<p>Die Besorgues Basse ist eine perfekte Wanderung f\u00fcr eine erste Einf\u00fchrung und besteht aus Rutschen, Wasserf\u00e4llen und Spr\u00fcngen, die es zu \u00fcberwinden gilt (nicht obligatorisch).<br \/>\nVon der Basis des Canyons aus erreichen Sie den Start in nur 2 Minuten zu Fu\u00df. Der R\u00fcckweg erfolgt \u00fcber einen kurzen 10-min\u00fctigen Fu\u00dfmarsch.<\/p>\n<div class=\"details-activite activite-tarifs\"><span class=\"nd\">Preis : 46 \u20ac<\/span><\/div>\n<\/div><\/div><\/div><div class=\"fusion-layout-column fusion_builder_column fusion-builder-column-3 fusion_builder_column_1_3 1_3 fusion-flex-column bloc-activites\" style=\"--awb-bg-size:cover;--awb-width-large:33.333333333333%;--awb-spacing-right-large:5.76%;--awb-spacing-left-large:5.76%;--awb-width-medium:100%;--awb-order-medium:0;--awb-spacing-right-medium:1.92%;--awb-spacing-left-medium:1.92%;--awb-width-small:100%;--awb-order-small:0;--awb-spacing-right-small:1.92%;--awb-spacing-left-small:1.92%;\"><div class=\"fusion-column-wrapper fusion-column-has-shadow fusion-flex-justify-content-flex-start fusion-content-layout-column\"><div class=\"fusion-title title fusion-title-3 fusion-sep-none fusion-title-text fusion-title-size-two h2-likeh3\"><h2 class=\"title-heading-left\" style=\"margin:0;\"><p>Canyoning Haute Besorgues<br \/>\n2h00 \u2013 \u00bd Tag<\/p><\/h2><\/div><div class=\"fusion-image-element \" style=\"text-align:center;\"><span class=\" fusion-imageframe imageframe-none imageframe-2 hover-type-none\"><a href=\"https:\/\/www.canoe-ardeche.com\/wp-content\/uploads\/haute-besorgues-600x300.jpg\" class=\"fusion-lightbox\" data-rel=\"iLightbox[70e1770625727307eb9]\" data-title=\"Canyoning\" title=\"Canyoning\"><img decoding=\"async\" width=\"600\" height=\"300\" src=\"data:image\/svg+xml,%3Csvg%20xmlns%3D%27http%3A%2F%2Fwww.w3.org%2F2000%2Fsvg%27%20width%3D%271400%27%20height%3D%27933%27%20viewBox%3D%270%200%201400%20933%27%3E%3Crect%20width%3D%271400%27%20height%3D%27933%27%20fill-opacity%3D%220%22%2F%3E%3C%2Fsvg%3E\" data-orig-src=\"https:\/\/www.canoe-ardeche.com\/wp-content\/uploads\/haute-besorgues-600x300.jpg\" alt class=\"lazyload img-responsive wp-image-3958\"\/><\/a><\/span><\/div><div class=\"fusion-separator fusion-full-width-sep\" style=\"align-self: center;margin-left: auto;margin-right: auto;margin-top:30px;width:100%;\"><\/div><div class=\"fusion-text fusion-text-4 txt-match\"><p><strong class=\"niveaux\"> Niveau <span class=\"nv\">Einfaches<\/span><span class=\"nv select\"> ziemlich einfaches <\/span><span class=\"nv\"> Durchschnitt<\/span><span class=\"nv\"> best\u00e4tigtes<\/span><\/strong><\/p>\n<div class=\"details-activite\"><span class=\"nd\"> 50 km entfernt<\/span><span class=\"nd\"> Entdeckung<\/span><span class=\"nd\"> Maximal 12 Personen \/ Lehrer<\/span><\/div>\n<p>Idealer Kurs f\u00fcr die ganze Familie, der es Ihnen erm\u00f6glicht, Canyoning in all seinen Formen zu entdecken: Spr\u00fcnge in tiefe Becken, Schwimmen, Rutschen.<br \/>\nSie befinden sich inmitten einer einzigartigen Wasserlandschaft im Herzen des kristallklaren Wassers der Besorgues.<br \/>\nDer Start erfolgt an der Basis des Canyons in etwa 25 Minuten zu Fu\u00df und der schnelle R\u00fcckweg in 5 Minuten.<\/p>\n<div class=\"details-activite activite-tarifs\"><span class=\"nd\">Preis : 50 \u20ac<\/span><\/div>\n<\/div><\/div><\/div><div class=\"fusion-layout-column fusion_builder_column fusion-builder-column-4 fusion_builder_column_1_3 1_3 fusion-flex-column bloc-activites\" style=\"--awb-bg-size:cover;--awb-width-large:33.333333333333%;--awb-spacing-right-large:5.76%;--awb-spacing-left-large:5.76%;--awb-width-medium:100%;--awb-order-medium:0;--awb-spacing-right-medium:1.92%;--awb-spacing-left-medium:1.92%;--awb-width-small:100%;--awb-order-small:0;--awb-spacing-right-small:1.92%;--awb-spacing-left-small:1.92%;\"><div class=\"fusion-column-wrapper fusion-column-has-shadow fusion-flex-justify-content-flex-start fusion-content-layout-column\"><div class=\"fusion-title title fusion-title-4 fusion-sep-none fusion-title-text fusion-title-size-two h2-likeh3\"><h2 class=\"title-heading-left\" style=\"margin:0;\"><p>Canyoning A\u00e9ro Besorgues<br \/>\n2h30 \u2013 \u00bd Tag<\/p><\/h2><\/div><div class=\"fusion-image-element \" style=\"text-align:center;\"><span class=\" fusion-imageframe imageframe-none imageframe-3 hover-type-none\"><a href=\"https:\/\/www.canoe-ardeche.com\/wp-content\/uploads\/aero-besorgues-600x300.jpg\" class=\"fusion-lightbox\" data-rel=\"iLightbox[61218457ca0d8efda31]\" data-title=\"Canyoning A\u00e9ro\" title=\"Canyoning A\u00e9ro\"><img decoding=\"async\" width=\"600\" height=\"300\" src=\"data:image\/svg+xml,%3Csvg%20xmlns%3D%27http%3A%2F%2Fwww.w3.org%2F2000%2Fsvg%27%20width%3D%271400%27%20height%3D%27934%27%20viewBox%3D%270%200%201400%20934%27%3E%3Crect%20width%3D%271400%27%20height%3D%27934%27%20fill-opacity%3D%220%22%2F%3E%3C%2Fsvg%3E\" data-orig-src=\"https:\/\/www.canoe-ardeche.com\/wp-content\/uploads\/aero-besorgues-600x300.jpg\" alt class=\"lazyload img-responsive wp-image-3952\"\/><\/a><\/span><\/div><div class=\"fusion-separator fusion-full-width-sep\" style=\"align-self: center;margin-left: auto;margin-right: auto;margin-top:30px;width:100%;\"><\/div><div class=\"fusion-text fusion-text-5 txt-match\"><p><strong class=\"niveaux\"> Niveau <span class=\"nv\">Einfaches<\/span><span class=\"nv\"> ziemlich einfaches <\/span><span class=\"nv select\"> Durchschnitt<\/span><span class=\"nv\"> best\u00e4tigtes<\/span><\/strong><\/p>\n<div class=\"details-activite\"><span class=\"nd\"> 50 km entfernt<\/span><span class=\"nd\"> Entdeckung<\/span><span class=\"nd\"> Maximal 12 Personen \/ Lehrer<\/span><\/div>\n<p>Gehen Sie der Sache auf den Grund, indem Sie mit einer Seilrutsche zum Gel\u00e4nde gelangen, das mit einem 4-Meter-Sprung und einer anschlie\u00dfenden H\u00e4ngebr\u00fccke beginnt.<br \/>\nEine zweite Seilrutsche oberhalb der Schlucht erwartet Sie, um die gro\u00dfen Tiefwasserbecken der Besorgues zu erreichen.<br \/>\nEin 40-min\u00fctiger Fu\u00dfmarsch bringt uns zum Startpunkt, dann sind es nur noch 5 Minuten f\u00fcr den reibungslosen R\u00fcckweg.<\/p>\n<div class=\"details-activite activite-tarifs\"><span class=\"nd\">Preis : 54 \u20ac<\/span><\/div>\n<\/div><\/div><\/div><div class=\"fusion-layout-column fusion_builder_column fusion-builder-column-5 fusion_builder_column_1_3 1_3 fusion-flex-column bloc-activites\" style=\"--awb-bg-size:cover;--awb-width-large:33.333333333333%;--awb-spacing-right-large:5.76%;--awb-spacing-left-large:5.76%;--awb-width-medium:100%;--awb-order-medium:0;--awb-spacing-right-medium:1.92%;--awb-spacing-left-medium:1.92%;--awb-width-small:100%;--awb-order-small:0;--awb-spacing-right-small:1.92%;--awb-spacing-left-small:1.92%;\"><div class=\"fusion-column-wrapper fusion-column-has-shadow fusion-flex-justify-content-flex-start fusion-content-layout-column\"><div class=\"fusion-title title fusion-title-5 fusion-sep-none fusion-title-text fusion-title-size-two h2-likeh3\"><h2 class=\"title-heading-left\" style=\"margin:0;\"><p>Canyoning Haute Borne<br \/>\n4 \u00e0 5h00 \u2013 1 Tag<\/p><\/h2><\/div><div class=\"fusion-image-element \" style=\"text-align:center;\"><span class=\" fusion-imageframe imageframe-none imageframe-4 hover-type-none\"><a href=\"https:\/\/www.canoe-ardeche.com\/wp-content\/uploads\/haute-borne-600x300.jpg\" class=\"fusion-lightbox\" data-rel=\"iLightbox[c7e1efabbd1b1377ac6]\" data-title=\"Canyoning\" title=\"Canyoning\"><img decoding=\"async\" width=\"600\" height=\"300\" src=\"data:image\/svg+xml,%3Csvg%20xmlns%3D%27http%3A%2F%2Fwww.w3.org%2F2000%2Fsvg%27%20width%3D%271400%27%20height%3D%27933%27%20viewBox%3D%270%200%201400%20933%27%3E%3Crect%20width%3D%271400%27%20height%3D%27933%27%20fill-opacity%3D%220%22%2F%3E%3C%2Fsvg%3E\" data-orig-src=\"https:\/\/www.canoe-ardeche.com\/wp-content\/uploads\/haute-borne-600x300.jpg\" alt class=\"lazyload img-responsive wp-image-3950\"\/><\/a><\/span><\/div><div class=\"fusion-separator fusion-full-width-sep\" style=\"align-self: center;margin-left: auto;margin-right: auto;margin-top:30px;width:100%;\"><\/div><div class=\"fusion-text fusion-text-6 txt-match\"><p><strong class=\"niveaux\"> Niveau <span class=\"nv\">Einfaches<\/span><span class=\"nv\"> ziemlich einfaches <\/span><span class=\"nv select\"> Durchschnitt<\/span><span class=\"nv\"> best\u00e4tigtes<\/span><\/strong><\/p>\n<div class=\"details-activite\"><span class=\"nd\"> 65 km entfernt<\/span><span class=\"nd\"> Abenteuer<\/span><span class=\"nd\"> Maximal 12 Personen \/ Lehrer<\/span><\/div>\n<p>Spa\u00dfige und spektakul\u00e4re Schlucht, Sie bewegen sich mit der Str\u00f6mung mit zahlreichen Spr\u00fcngen (nicht obligatorisch), einem Durchgang durch einen Siphon und einer kleinen Rutsche sowie einem Abseilabstieg.<br \/>\nDies entspricht einer Wanderung von 6 Stunden und Sie befinden sich inmitten einer einzigartigen und wilden Route, die von den Felsen von Haute Borne ges\u00e4umt wird.<br \/>\nBis zum Ausgangspunkt sind 5 Minuten Fu\u00dfmarsch n\u00f6tig, f\u00fcr den R\u00fcckweg sind es noch 20 Minuten.<\/p>\n<div class=\"details-activite activite-tarifs\"><span class=\"nd\">Preis : 79 \u20ac<\/span><\/div>\n<\/div><\/div><\/div><div class=\"fusion-layout-column fusion_builder_column fusion-builder-column-6 fusion_builder_column_1_3 1_3 fusion-flex-column bloc-activites\" style=\"--awb-bg-size:cover;--awb-width-large:33.333333333333%;--awb-spacing-right-large:5.76%;--awb-spacing-left-large:5.76%;--awb-width-medium:100%;--awb-order-medium:0;--awb-spacing-right-medium:1.92%;--awb-spacing-left-medium:1.92%;--awb-width-small:100%;--awb-order-small:0;--awb-spacing-right-small:1.92%;--awb-spacing-left-small:1.92%;\"><div class=\"fusion-column-wrapper fusion-column-has-shadow fusion-flex-justify-content-flex-start fusion-content-layout-column\"><div class=\"fusion-title title fusion-title-6 fusion-sep-none fusion-title-text fusion-title-size-two h2-likeh3\"><h2 class=\"title-heading-left\" style=\"margin:0;\"><p>Canyoning Haut Chassezac<br \/>\n5 \u00e0 6h00 \u2013 1 Tag<\/p><\/h2><\/div><div class=\"fusion-image-element \" style=\"text-align:center;\"><span class=\" fusion-imageframe imageframe-none imageframe-5 hover-type-none\"><a href=\"https:\/\/www.canoe-ardeche.com\/wp-content\/uploads\/haut-chassezac-600x300.jpg\" class=\"fusion-lightbox\" data-rel=\"iLightbox[087a1d4f0b9faa4bcae]\" data-title=\"Canyoning\" title=\"Canyoning\"><img decoding=\"async\" width=\"600\" height=\"300\" src=\"data:image\/svg+xml,%3Csvg%20xmlns%3D%27http%3A%2F%2Fwww.w3.org%2F2000%2Fsvg%27%20width%3D%271400%27%20height%3D%271697%27%20viewBox%3D%270%200%201400%201697%27%3E%3Crect%20width%3D%271400%27%20height%3D%271697%27%20fill-opacity%3D%220%22%2F%3E%3C%2Fsvg%3E\" data-orig-src=\"https:\/\/www.canoe-ardeche.com\/wp-content\/uploads\/haut-chassezac-600x300.jpg\" alt class=\"lazyload img-responsive wp-image-3956\"\/><\/a><\/span><\/div><div class=\"fusion-separator fusion-full-width-sep\" style=\"align-self: center;margin-left: auto;margin-right: auto;margin-top:30px;width:100%;\"><\/div><div class=\"fusion-text fusion-text-7 txt-match\"><p><strong class=\"niveaux\"> Niveau <span class=\"nv\">Einfaches<\/span><span class=\"nv\"> ziemlich einfaches <\/span><span class=\"nv\"> Durchschnitt<\/span><span class=\"nv select\"> best\u00e4tigtes<\/span><\/strong><\/p>\n<div class=\"details-activite\"><span class=\"nd\"> 50 km entfernt<\/span><span class=\"nd\"> Sportlich<\/span><span class=\"nd\"> Maximal 12 Personen \/ Lehrer<\/span><\/div>\n<p>Der Haut Chassezac ist ein sportlicher und technischer Parcours, der aus Spr\u00fcngen (keine Pflicht), Rutschen und einer Abseilstrecke besteht.<br \/>\nVerbringen Sie einen unvergesslichen Moment im Herzen der Chassezac-Schlucht, umgeben von einer einzigartigen Naturlandschaft.<br \/>\nDie Abfahrt dauert etwa 15 Minuten zu Fu\u00df und dann 1 Stunde zu Fu\u00df.<\/p>\n<div class=\"details-activite activite-tarifs\"><span class=\"nd\">Preis 89 \u20ac<\/span><\/div>\n<\/div><\/div><\/div><div class=\"fusion-layout-column fusion_builder_column fusion-builder-column-7 fusion_builder_column_1_1 1_1 fusion-flex-column\" style=\"--awb-bg-size:cover;--awb-width-large:100%;--awb-spacing-right-large:1.92%;--awb-spacing-left-large:1.92%;--awb-width-medium:100%;--awb-order-medium:0;--awb-spacing-right-medium:1.92%;--awb-spacing-left-medium:1.92%;--awb-width-small:100%;--awb-order-small:0;--awb-spacing-right-small:1.92%;--awb-spacing-left-small:1.92%;\"><div class=\"fusion-column-wrapper fusion-column-has-shadow fusion-flex-justify-content-flex-start fusion-content-layout-column\"><div class=\"fusion-text fusion-text-8\"><p style=\"text-align: center;\">Aktivit\u00e4ten mit zertifizierten Ausbildern der jeweiligen Disziplin<br \/>\nBereitstellung der f\u00fcr die jeweilige Aktivit\u00e4t geeigneten Ausr\u00fcstung<\/p>\n<\/div><\/div><\/div><\/div><\/div>\n","protected":false},"excerpt":{"rendered":"","protected":false},"author":1,"featured_media":0,"parent":0,"menu_order":0,"comment_status":"closed","ping_status":"closed","template":"","meta":{"footnotes":""},"class_list":["post-3305","page","type-page","status-publish","hentry"],"_links":{"self":[{"href":"https:\/\/www.canoe-ardeche.com\/de\/wp-json\/wp\/v2\/pages\/3305","targetHints":{"allow":["GET"]}}],"collection":[{"href":"https:\/\/www.canoe-ardeche.com\/de\/wp-json\/wp\/v2\/pages"}],"about":[{"href":"https:\/\/www.canoe-ardeche.com\/de\/wp-json\/wp\/v2\/types\/page"}],"author":[{"embeddable":true,"href":"https:\/\/www.canoe-ardeche.com\/de\/wp-json\/wp\/v2\/users\/1"}],"replies":[{"embeddable":true,"href":"https:\/\/www.canoe-ardeche.com\/de\/wp-json\/wp\/v2\/comments?post=3305"}],"version-history":[{"count":4,"href":"https:\/\/www.canoe-ardeche.com\/de\/wp-json\/wp\/v2\/pages\/3305\/revisions"}],"predecessor-version":[{"id":4515,"href":"https:\/\/www.canoe-ardeche.com\/de\/wp-json\/wp\/v2\/pages\/3305\/revisions\/4515"}],"wp:attachment":[{"href":"https:\/\/www.canoe-ardeche.com\/de\/wp-json\/wp\/v2\/media?parent=3305"}],"curies":[{"name":"wp","href":"https:\/\/api.w.org\/{rel}","templated":true}]}}