{"id":3307,"date":"2023-01-03T13:44:25","date_gmt":"2023-01-03T12:44:25","guid":{"rendered":"https:\/\/www.canoe-ardeche.com\/reservation-en-ligne\/"},"modified":"2026-05-05T09:44:36","modified_gmt":"2026-05-05T07:44:36","slug":"online-buchung","status":"publish","type":"page","link":"https:\/\/www.canoe-ardeche.com\/de\/online-buchung\/","title":{"rendered":"Online-Buchung"},"content":{"rendered":"<div class=\"fusion-fullwidth fullwidth-box fusion-builder-row-1 fusion-flex-container has-pattern-background has-mask-background nonhundred-percent-fullwidth non-hundred-percent-height-scrolling\" style=\"--awb-border-radius-top-left:0px;--awb-border-radius-top-right:0px;--awb-border-radius-bottom-right:0px;--awb-border-radius-bottom-left:0px;--awb-padding-top:50px;--awb-padding-bottom:30px;\" ><div class=\"fusion-builder-row fusion-row fusion-flex-align-items-flex-start\" style=\"max-width:1456px;margin-left: calc(-4% \/ 2 );margin-right: calc(-4% \/ 2 );\"><div class=\"fusion-layout-column fusion_builder_column fusion-builder-column-0 fusion_builder_column_1_1 1_1 fusion-flex-column\" style=\"--awb-bg-size:cover;--awb-width-large:100%;--awb-spacing-right-large:1.92%;--awb-spacing-left-large:1.92%;--awb-width-medium:100%;--awb-order-medium:0;--awb-spacing-right-medium:1.92%;--awb-spacing-left-medium:1.92%;--awb-width-small:100%;--awb-order-small:0;--awb-spacing-right-small:1.92%;--awb-spacing-left-small:1.92%;\"><div class=\"fusion-column-wrapper fusion-column-has-shadow fusion-flex-justify-content-flex-start fusion-content-layout-column\"><div class=\"fusion-title title fusion-title-1 fusion-sep-none fusion-title-center fusion-title-text fusion-title-size-one\"><h1 class=\"title-heading-center\" style=\"margin:0;\"><p>Online-Buchung<\/p>\n<h4>Eine Frage zu Ihrer Buchung? Lesen Sie die h\u00e4ufig gestellten Fragen unten auf dieser Seite.<\/h4><\/h1><\/div><div><a rel=\"nofollow\" class=\"fusion-button button-flat button-medium button-default button-1 fusion-button-default-span fusion-button-default-type\" target=\"_self\" href=\"https:\/\/www.canoe-ardeche.com\/de\/online-buchung\/?partenaire=o\" style=\"float:right;\"><span class=\"fusion-button-text\">Ich habe einen Partnercode<\/span><\/a><\/div>\t\t<script type=\"text\/javascript\" src=\"https:\/\/www.mtcom.fr\/widgets\/reservation\/widget.js\"><\/script>\n        <div id=\"reservation\"><\/div>\n        <script type=\"text\/javascript\">\n            jQuery('#reservation').resaForm({\n                idPrest: '24902',\n                idCategorie: '12',\n                lg: 'en',\n                urlparent: window.location.href,\n                bgbody: '#fff',\n                ftbody: '#565d62',\n                fth2: '#00527A',\n                bdinput: '#eeeeee',\n                bgblocbt: '#3163BD',\n                ftblocbt: '#ffffff',\n                bdinputglyph: 'transparent',\n                bgpanelbody: '#EEEEEE',\n                ftpanelbody: '#565d62',\n                bgtotright: '#d9edf7',\n                fttotright: '#496D83',\n                ftlinkcgv: '#2d2d2d',\n                ftlinkcgvhover: '#23527c',\n\t\t\t\ttestmtcom: 0,\n\t\t\t\tpreparam: '0',\n\t\t\t\tpartenaire: '',\n\t\t\t\tstylePlus: '.wrap-labelpartranche.id665+%7B+display%3Anone+%7D'\n            });\n        <\/script>\n        <style>\n        .fancybox-overlay { z-index: 99998 !important; }\n\t\t.fancybox-opened { z-index: 99999 !important; }\n        <\/style>\n\t\t<\/div><\/div><div class=\"fusion-layout-column fusion_builder_column fusion-builder-column-1 fusion_builder_column_4_5 4_5 fusion-flex-column FAQ\" style=\"--awb-padding-bottom:0px;--awb-bg-size:cover;--awb-width-large:80%;--awb-spacing-right-large:2.4%;--awb-margin-bottom-large:0px;--awb-spacing-left-large:2.4%;--awb-width-medium:100%;--awb-order-medium:0;--awb-spacing-right-medium:1.92%;--awb-spacing-left-medium:1.92%;--awb-width-small:100%;--awb-order-small:0;--awb-spacing-right-small:1.92%;--awb-spacing-left-small:1.92%;\"><div class=\"fusion-column-wrapper fusion-column-has-shadow fusion-flex-justify-content-center fusion-content-layout-column\"><div class=\"fusion-title title fusion-title-2 fusion-sep-none fusion-title-text fusion-title-size-three\"><h3 class=\"title-heading-left\" style=\"margin:0;\">Online-Buchung: H\u00e4ufig gestellte Fragen<\/h3><\/div><div class=\"accordian fusion-accordian\" style=\"--awb-border-size:1px;--awb-icon-size:16px;--awb-content-font-size:var(--awb-typography4-font-size);--awb-icon-alignment:left;--awb-hover-color:var(--awb-color2);--awb-border-color:var(--awb-color3);--awb-background-color:var(--awb-color1);--awb-divider-color:var(--awb-color3);--awb-divider-hover-color:var(--awb-color3);--awb-icon-color:var(--awb-color1);--awb-title-color:var(--awb-color8);--awb-content-color:var(--awb-color8);--awb-icon-box-color:var(--awb-custom10);--awb-toggle-hover-accent-color:var(--awb-custom11);--awb-title-font-family:&quot;Poppins&quot;;--awb-title-font-weight:regular;--awb-title-font-style:normal;--awb-title-font-size:16px;--awb-title-line-height:1.5;--awb-content-font-family:&quot;Poppins&quot;;--awb-content-font-style:normal;--awb-content-font-weight:regular;\"><div class=\"panel-group fusion-toggle-icon-boxed\" id=\"accordion-3307-1\"><div class=\"fusion-panel panel-default panel-fc1491f3be1ae949d fusion-toggle-no-divider fusion-toggle-boxed-mode\" style=\"--awb-title-color:var(--awb-color8);\"><div class=\"panel-heading\"><h4 class=\"panel-title toggle\" id=\"toggle_fc1491f3be1ae949d\"><a aria-expanded=\"false\" aria-controls=\"fc1491f3be1ae949d\" role=\"button\" data-toggle=\"collapse\" data-parent=\"#accordion-3307-1\" data-target=\"#fc1491f3be1ae949d\" href=\"#fc1491f3be1ae949d\"><span class=\"fusion-toggle-icon-wrapper\" aria-hidden=\"true\"><i class=\"fa-fusion-box active-icon awb-icon-minus\" aria-hidden=\"true\"><\/i><i class=\"fa-fusion-box inactive-icon awb-icon-plus\" aria-hidden=\"true\"><\/i><\/span><span class=\"fusion-toggle-heading\">Muss man im Voraus buchen?<\/span><\/a><\/h4><\/div><div id=\"fc1491f3be1ae949d\" class=\"panel-collapse collapse \" araia-labelledby=\"toggle_fc1491f3be1ae949d\"><div class=\"panel-body toggle-content fusion-clearfix\">\n<p>Ja, wir empfehlen Ihnen dringend, im Voraus zu buchen. Dies erm\u00f6glicht es Ihnen auch, von Vorzugspreisen zu profitieren.<\/p>\n<\/div><\/div><\/div><div class=\"fusion-panel panel-default panel-9ef12ce0d77369350 fusion-toggle-no-divider fusion-toggle-boxed-mode\" style=\"--awb-title-color:var(--awb-custom10);\"><div class=\"panel-heading\"><h4 class=\"panel-title toggle\" id=\"toggle_9ef12ce0d77369350\"><a aria-expanded=\"false\" aria-controls=\"9ef12ce0d77369350\" role=\"button\" data-toggle=\"collapse\" data-parent=\"#accordion-3307-1\" data-target=\"#9ef12ce0d77369350\" href=\"#9ef12ce0d77369350\"><span class=\"fusion-toggle-icon-wrapper\" aria-hidden=\"true\"><i class=\"fa-fusion-box active-icon awb-icon-minus\" aria-hidden=\"true\"><\/i><i class=\"fa-fusion-box inactive-icon awb-icon-plus\" aria-hidden=\"true\"><\/i><\/span><span class=\"fusion-toggle-heading\">Kann man eine Buchung stornieren?<\/span><\/a><\/h4><\/div><div id=\"9ef12ce0d77369350\" class=\"panel-collapse collapse \" araia-labelledby=\"toggle_9ef12ce0d77369350\"><div class=\"panel-body toggle-content fusion-clearfix\">\n<p>Ja, Sie k\u00f6nnen Ihre Fahrt jederzeit telefonisch stornieren. Die R\u00fcckerstattung erfolgt gem\u00e4\u00df unserer Stornobedingungen (siehe <a href=\"https:\/\/www.canoe-ardeche.com\/de\/allgemeinen-verkaufsbedingungen\/\">AGB<\/a>).<\/p>\n<\/div><\/div><\/div><div class=\"fusion-panel panel-default panel-3a1c441a7ac4d3354 fusion-toggle-no-divider fusion-toggle-boxed-mode\" style=\"--awb-title-color:var(--awb-custom10);\"><div class=\"panel-heading\"><h4 class=\"panel-title toggle\" id=\"toggle_3a1c441a7ac4d3354\"><a aria-expanded=\"false\" aria-controls=\"3a1c441a7ac4d3354\" role=\"button\" data-toggle=\"collapse\" data-parent=\"#accordion-3307-1\" data-target=\"#3a1c441a7ac4d3354\" href=\"#3a1c441a7ac4d3354\"><span class=\"fusion-toggle-icon-wrapper\" aria-hidden=\"true\"><i class=\"fa-fusion-box active-icon awb-icon-minus\" aria-hidden=\"true\"><\/i><i class=\"fa-fusion-box inactive-icon awb-icon-plus\" aria-hidden=\"true\"><\/i><\/span><span class=\"fusion-toggle-heading\">Was tun bei schlechtem Wetter?<\/span><\/a><\/h4><\/div><div id=\"3a1c441a7ac4d3354\" class=\"panel-collapse collapse \" araia-labelledby=\"toggle_3a1c441a7ac4d3354\"><div class=\"panel-body toggle-content fusion-clearfix\">\n<p>Die Fahrten finden auch bei ung\u00fcnstiger Witterung statt (au\u00dfer bei Orange- oder Rotwarnungen von M\u00e9t\u00e9o France). Sollten die Bedingungen nicht zu Ihnen passen, k\u00f6nnen Sie das Datum Ihrer Buchung kostenlos \u00e4ndern.<\/p>\n<\/div><\/div><\/div><div class=\"fusion-panel panel-default panel-f4908d117468f2872 fusion-toggle-no-divider fusion-toggle-boxed-mode\" style=\"--awb-title-color:var(--awb-custom10);\"><div class=\"panel-heading\"><h4 class=\"panel-title toggle\" id=\"toggle_f4908d117468f2872\"><a aria-expanded=\"false\" aria-controls=\"f4908d117468f2872\" role=\"button\" data-toggle=\"collapse\" data-parent=\"#accordion-3307-1\" data-target=\"#f4908d117468f2872\" href=\"#f4908d117468f2872\"><span class=\"fusion-toggle-icon-wrapper\" aria-hidden=\"true\"><i class=\"fa-fusion-box active-icon awb-icon-minus\" aria-hidden=\"true\"><\/i><i class=\"fa-fusion-box inactive-icon awb-icon-plus\" aria-hidden=\"true\"><\/i><\/span><span class=\"fusion-toggle-heading\">Muss man sein Boot bei der Buchung w\u00e4hlen?<\/span><\/a><\/h4><\/div><div id=\"f4908d117468f2872\" class=\"panel-collapse collapse \" araia-labelledby=\"toggle_f4908d117468f2872\"><div class=\"panel-body toggle-content fusion-clearfix\">\n<p>Nein, die Wahl des Bootes (1- oder 2-Platz) erfolgt direkt vor Ort am Tag Ihrer Fahrt.<\/p>\n<\/div><\/div><\/div><div class=\"fusion-panel panel-default panel-f5e51dd37dcec189c fusion-toggle-no-divider fusion-toggle-boxed-mode\" style=\"--awb-title-color:var(--awb-custom10);\"><div class=\"panel-heading\"><h4 class=\"panel-title toggle\" id=\"toggle_f5e51dd37dcec189c\"><a aria-expanded=\"false\" aria-controls=\"f5e51dd37dcec189c\" role=\"button\" data-toggle=\"collapse\" data-parent=\"#accordion-3307-1\" data-target=\"#f5e51dd37dcec189c\" href=\"#f5e51dd37dcec189c\"><span class=\"fusion-toggle-icon-wrapper\" aria-hidden=\"true\"><i class=\"fa-fusion-box active-icon awb-icon-minus\" aria-hidden=\"true\"><\/i><i class=\"fa-fusion-box inactive-icon awb-icon-plus\" aria-hidden=\"true\"><\/i><\/span><span class=\"fusion-toggle-heading\">Was bedeutet \u201eder mittlere Platz\u201c?<\/span><\/a><\/h4><\/div><div id=\"f5e51dd37dcec189c\" class=\"panel-collapse collapse \" araia-labelledby=\"toggle_f5e51dd37dcec189c\"><div class=\"panel-body toggle-content fusion-clearfix\">\n<p>Jedes 2-Platz-Kanu verf\u00fcgt \u00fcber einen Mittelsitz, der speziell f\u00fcr Kinder von 7 bis 12 Jahren reserviert ist. Dieser Platz ist nicht f\u00fcr Erwachsene zug\u00e4nglich.<\/p>\n<\/div><\/div><\/div><div class=\"fusion-panel panel-default panel-66139698af3b1ddd9 fusion-toggle-no-divider fusion-toggle-boxed-mode\" style=\"--awb-title-color:var(--awb-custom10);\"><div class=\"panel-heading\"><h4 class=\"panel-title toggle\" id=\"toggle_66139698af3b1ddd9\"><a aria-expanded=\"false\" aria-controls=\"66139698af3b1ddd9\" role=\"button\" data-toggle=\"collapse\" data-parent=\"#accordion-3307-1\" data-target=\"#66139698af3b1ddd9\" href=\"#66139698af3b1ddd9\"><span class=\"fusion-toggle-icon-wrapper\" aria-hidden=\"true\"><i class=\"fa-fusion-box active-icon awb-icon-minus\" aria-hidden=\"true\"><\/i><i class=\"fa-fusion-box inactive-icon awb-icon-plus\" aria-hidden=\"true\"><\/i><\/span><span class=\"fusion-toggle-heading\">Ich habe ein Kind unter 7 Jahren und m\u00f6chte eine begleitete Fahrt buchen, wie geht das?<\/span><\/a><\/h4><\/div><div id=\"66139698af3b1ddd9\" class=\"panel-collapse collapse \" araia-labelledby=\"toggle_66139698af3b1ddd9\"><div class=\"panel-body toggle-content fusion-clearfix\">\n<p>F\u00fcr jede begleitete Fahrt mit einem Instructor laden wir Sie ein, uns zun\u00e4chst telefonisch zu kontaktieren. Wir erkl\u00e4ren Ihnen dann die Modalit\u00e4ten zur Fertigstellung Ihrer Online-Buchung.<\/p>\n<\/div><\/div><\/div><div class=\"fusion-panel panel-default panel-1693bd2d248cdde9f fusion-toggle-no-divider fusion-toggle-boxed-mode\" style=\"--awb-title-color:var(--awb-custom10);\"><div class=\"panel-heading\"><h4 class=\"panel-title toggle\" id=\"toggle_1693bd2d248cdde9f\"><a aria-expanded=\"false\" aria-controls=\"1693bd2d248cdde9f\" role=\"button\" data-toggle=\"collapse\" data-parent=\"#accordion-3307-1\" data-target=\"#1693bd2d248cdde9f\" href=\"#1693bd2d248cdde9f\"><span class=\"fusion-toggle-icon-wrapper\" aria-hidden=\"true\"><i class=\"fa-fusion-box active-icon awb-icon-minus\" aria-hidden=\"true\"><\/i><i class=\"fa-fusion-box inactive-icon awb-icon-plus\" aria-hidden=\"true\"><\/i><\/span><span class=\"fusion-toggle-heading\">Ich habe eine Smartbox, Wonderbox usw.: wie buche ich?<\/span><\/a><\/h4><\/div><div id=\"1693bd2d248cdde9f\" class=\"panel-collapse collapse \" araia-labelledby=\"toggle_1693bd2d248cdde9f\"><div class=\"panel-body toggle-content fusion-clearfix\">\n<p>F\u00fcr jede Buchung mit einer Smartbox, Wonderbox oder \u00e4hnlichem wenden Sie sich bitte per E-Mail an: <a class=\"decorated-link cursor-pointer\" rel=\"noopener\" data-start=\"1011\" data-end=\"1036\">contact@canoe-ardeche.com<\/a><\/p>\n<\/div><\/div><\/div><div class=\"fusion-panel panel-default panel-d60907929d3a83234 fusion-toggle-no-divider fusion-toggle-boxed-mode\" style=\"--awb-title-color:var(--awb-custom10);\"><div class=\"panel-heading\"><h4 class=\"panel-title toggle\" id=\"toggle_d60907929d3a83234\"><a aria-expanded=\"false\" aria-controls=\"d60907929d3a83234\" role=\"button\" data-toggle=\"collapse\" data-parent=\"#accordion-3307-1\" data-target=\"#d60907929d3a83234\" href=\"#d60907929d3a83234\"><span class=\"fusion-toggle-icon-wrapper\" aria-hidden=\"true\"><i class=\"fa-fusion-box active-icon awb-icon-minus\" aria-hidden=\"true\"><\/i><i class=\"fa-fusion-box inactive-icon awb-icon-plus\" aria-hidden=\"true\"><\/i><\/span><span class=\"fusion-toggle-heading\">Ich habe einen Partnercode: wie verwende ich ihn?<\/span><\/a><\/h4><\/div><div id=\"d60907929d3a83234\" class=\"panel-collapse collapse \" araia-labelledby=\"toggle_d60907929d3a83234\"><div class=\"panel-body toggle-content fusion-clearfix\">\n<p>Um mit einem Partnercode zu buchen, klicken Sie auf die Schaltfl\u00e4che \u201eIch habe einen Partnercode\u00a0\u00bb, geben Sie Ihren Code ein und folgen Sie dann den Schritten der Online-Buchung.<\/p>\n<\/div><\/div><\/div><\/div><\/div><\/div><\/div>\n<\/div><\/div>\n","protected":false},"excerpt":{"rendered":"","protected":false},"author":1,"featured_media":0,"parent":0,"menu_order":0,"comment_status":"closed","ping_status":"closed","template":"","meta":{"footnotes":""},"class_list":["post-3307","page","type-page","status-publish","hentry"],"_links":{"self":[{"href":"https:\/\/www.canoe-ardeche.com\/de\/wp-json\/wp\/v2\/pages\/3307","targetHints":{"allow":["GET"]}}],"collection":[{"href":"https:\/\/www.canoe-ardeche.com\/de\/wp-json\/wp\/v2\/pages"}],"about":[{"href":"https:\/\/www.canoe-ardeche.com\/de\/wp-json\/wp\/v2\/types\/page"}],"author":[{"embeddable":true,"href":"https:\/\/www.canoe-ardeche.com\/de\/wp-json\/wp\/v2\/users\/1"}],"replies":[{"embeddable":true,"href":"https:\/\/www.canoe-ardeche.com\/de\/wp-json\/wp\/v2\/comments?post=3307"}],"version-history":[{"count":4,"href":"https:\/\/www.canoe-ardeche.com\/de\/wp-json\/wp\/v2\/pages\/3307\/revisions"}],"predecessor-version":[{"id":4986,"href":"https:\/\/www.canoe-ardeche.com\/de\/wp-json\/wp\/v2\/pages\/3307\/revisions\/4986"}],"wp:attachment":[{"href":"https:\/\/www.canoe-ardeche.com\/de\/wp-json\/wp\/v2\/media?parent=3307"}],"curies":[{"name":"wp","href":"https:\/\/api.w.org\/{rel}","templated":true}]}}