{"id":3309,"date":"2023-01-02T13:15:57","date_gmt":"2023-01-02T12:15:57","guid":{"rendered":"https:\/\/www.canoe-ardeche.com\/conditions-generales-de-location\/"},"modified":"2024-03-18T10:35:08","modified_gmt":"2024-03-18T09:35:08","slug":"allgemeinen-verkaufsbedingungen","status":"publish","type":"page","link":"https:\/\/www.canoe-ardeche.com\/de\/allgemeinen-verkaufsbedingungen\/","title":{"rendered":"Allgemeinen Verkaufsbedingungen"},"content":{"rendered":"<div class=\"fusion-fullwidth fullwidth-box fusion-builder-row-1 fusion-flex-container has-pattern-background has-mask-background nonhundred-percent-fullwidth non-hundred-percent-height-scrolling\" style=\"--awb-border-radius-top-left:0px;--awb-border-radius-top-right:0px;--awb-border-radius-bottom-right:0px;--awb-border-radius-bottom-left:0px;--awb-padding-top:50px;--awb-padding-bottom:50px;\" ><div class=\"fusion-builder-row fusion-row fusion-flex-align-items-flex-start\" style=\"max-width:1456px;margin-left: calc(-4% \/ 2 );margin-right: calc(-4% \/ 2 );\"><div class=\"fusion-layout-column fusion_builder_column fusion-builder-column-0 fusion_builder_column_1_1 1_1 fusion-flex-column\" style=\"--awb-bg-size:cover;--awb-width-large:100%;--awb-spacing-right-large:1.92%;--awb-spacing-left-large:1.92%;--awb-width-medium:100%;--awb-order-medium:0;--awb-spacing-right-medium:1.92%;--awb-spacing-left-medium:1.92%;--awb-width-small:100%;--awb-order-small:0;--awb-spacing-right-small:1.92%;--awb-spacing-left-small:1.92%;\"><div class=\"fusion-column-wrapper fusion-column-has-shadow fusion-flex-justify-content-flex-start fusion-content-layout-column\"><div class=\"fusion-title title fusion-title-1 fusion-sep-none fusion-title-center fusion-title-text fusion-title-size-one\" style=\"--awb-margin-bottom:15px;\"><h1 class=\"title-heading-center\" style=\"margin:0;\">Allgemeinen Verkaufsbedingungen<\/h1><\/div><\/div><\/div><div class=\"fusion-layout-column fusion_builder_column fusion-builder-column-1 fusion_builder_column_1_1 1_1 fusion-flex-column\" style=\"--awb-bg-size:cover;--awb-width-large:100%;--awb-margin-top-large:50px;--awb-spacing-right-large:1.92%;--awb-spacing-left-large:1.92%;--awb-width-medium:100%;--awb-order-medium:0;--awb-spacing-right-medium:1.92%;--awb-spacing-left-medium:1.92%;--awb-width-small:100%;--awb-order-small:0;--awb-spacing-right-small:1.92%;--awb-spacing-left-small:1.92%;\"><div class=\"fusion-column-wrapper fusion-column-has-shadow fusion-flex-justify-content-flex-start fusion-content-layout-column\"><div style=\"word-wrap:break-word;width:100%;height:100%;overflow:auto;-webkit-overflow-scrolling:touch\"><p>CONDIZIONI GENERALI DI NOLEGGIO \u2013 SAS BASE NAUTIQUE DU PONT D\u2019ARC via Internet La discesa attraverso le Gorges de l\u2019Ard\u00e8che \u00e8 severamente vietata alle persone che non sanno nuotare e ai bambini di et\u00e0 inferiore a 7 anni. Tutti i minorenni dovranno essere accompagnati da un genitore o da un insegnante B.E.E.S. Istruttore statale di canoa\/kayak (un insegnante per un massimo di 15 bambini). Il noleggio comprende l'attrezzatura con tutto l'equipaggiamento necessario per il buon esito del servizio: canoa o kayak, pagaia, bombola, giubbotto di salvataggio e, a seconda delle condizioni meteorologiche, muta, nonch\u00e9 il trasporto per la minzione e il ritorno al punto di partenza della barca. Per la discesa delle Gorges de l'Ard\u00e8che di oltre 31 km in due giorni con bivacco, il prezzo del bivacco non \u00e8 compreso nel prezzo. \u00c8 necessario contattare il centro prenotazioni bivacchi presso l'ufficio turistico di Vallon Pont d'Arc. La prenotazione del noleggio di canoe e kayak presuppone la lettura e l'adesione incondizionata alle condizioni generali di seguito elencate.<\/p>\n<p>La societ\u00e0 SAS BASE NAUTIQUE DU PONT D'ARC, con la denominazione commerciale \u201cBASE NAUTIQUE DU PONT D'ARC\u201d, organizza la pratica o lezioni di canoa nel rispetto delle garanzie di sicurezza ai sensi del decreto del 4 maggio 1995. Persone chi pu\u00f2 noleggiare canoe e Kayak deve avere almeno 18 anni. I minorenni dai 12 anni in su possono utilizzare l'attrezzatura noleggiata da soli in presenza di un genitore o rappresentante legale. I bambini sotto i 12 anni sono sorvegliati o accompagnati. I partecipanti maggiorenni o i loro rappresentanti legali in caso di minorenni certificano di saper nuotare e immergersi per almeno 25 metri oppure presentare un certificato rilasciato da un ente qualificato. In caso di condizioni meteorologiche o di navigazione sfavorevoli, la societ\u00e0 SAS Base Nautique du Pont d'Arc, operante come \u201cBASE NAUTIQUE DU PONT D'ARC\u201d, si riserva il diritto di annullare qualsiasi servizio rimborsando l'importo al cliente. Sul contratto di noleggio appare un solo nome di tutti i membri dell'equipaggio. Questa persona diventa il leader del gruppo. Il noleggio della canoa o del kayak dura almeno mezza giornata e dovr\u00e0 essere pagato al pi\u00f9 tardi al momento della prenotazione. Le canoe vengono noleggiate per un massimo di 3 persone (2 adulti e un bambino dai 7 ai 12 anni). La societ\u00e0 di noleggio si impegna a fornire l'attrezzatura in buono stato di navigazione, stabilito congiuntamente e in contraddittorio al momento del ritiro. La restituzione di tutta l'attrezzatura noleggiata sar\u00e0 effettuata all'arrivo del corso al rappresentante incaricato della societ\u00e0 SAS Base Nautique du Pont d'Arc. Questo rimborso comporta un inventario contrastante tra proprietario e inquilino.<\/p>\n<p>I materiali e le attrezzature sono conformi alle normative vigenti e devono essere ben mantenuti. I praticanti saranno dotati individualmente di un giubbotto di sicurezza che soddisfa le condizioni di cui all'allegato 2 dell'ordinanza del 4 maggio 1995; \u00c8 necessario indossare sempre un giubbotto di salvataggio chiuso mentre la canoa \u00e8 in acqua. L'attrezzatura noleggiata \u00e8 destinata all'uso esclusivo del locatario, senza possibilit\u00e0 di sublocazione o prestito, anche a titolo gratuito. Telefoni, macchine fotografiche e qualsiasi dispositivo o oggetto sensibile all'acqua devono essere protetti con una copertura adeguata. Il contenitore \u00e8 solo un contenitore e non rappresenta in alcun modo una protezione sufficiente contro l'ingresso di acqua. La societ\u00e0 SAS Base Nautique du Pont d'Arc, con il nome commerciale \u201cBASE NAUTIQUE DU PONT D'ARC\u201d, declina ogni responsabilit\u00e0 in tal caso di danneggiamento, smarrimento o furto.<\/p>\n<p>Questo articolo pu\u00f2 essere acquistato al prezzo di \u20ac 500 per barca noleggiata. In caso di sinistro, qualunque ne sia la causa, oltre al costo del noleggio verranno sostenuti costi di sostituzione e\/o riparazione fino al valore massimo dell'attrezzatura come nuova. Qualora l'attrezzatura noleggiata non venga restituita, per qualsiasi motivo, al cliente verr\u00e0 addebitato, oltre al costo del noleggio, l'intero valore di sostituzione di tale attrezzatura al prezzo al pubblico al dettaglio esposto nel luogo di noleggio. La fattura di noleggio \u00e8 pagabile entro il giorno in cui l'attrezzatura viene messa a disposizione. L'estensione di noleggio ideale viene fatturata in base alla tariffa\/giorno. Canoe e kayak sono a carico del noleggiatore. Danni o incidenti a persone o cose causati dal loro utilizzo o da terzi non sono coperti dalla societ\u00e0 SAS Base Nautique du Pont d'Arc con il nome commerciale \u201cBASE NAUTIQUE DU PONT D'ARC\u201d. Le imbarcazioni non sono assicurate contro il furto, pertanto in caso di mancata riconsegna verr\u00e0 trattenuta la cauzione versata dal noleggiatore. La cauzione dovr\u00e0 essere versata in contanti o tramite assegno alla societ\u00e0 SAS BASE NAUTIQUE DU PONT D\u2019ARC.<\/p>\n<p>ASSICURAZIONE<br \/>La societ\u00e0 SAS Base Nautique du Pont d'Arc ha stipulato un contratto di assicurazione con la denominazione commerciale \u201cBASE NAUTIQUE DU PONT D'ARC\u201d che copre la sua responsabilit\u00e0 civile e quella dei suoi dipendenti per tutti i danni, compresa la societ\u00e0 SAS Base Nautique du Pont d'Arc si basa sul marchio \u201cBASE NAUTIQUE DU PONT D'ARC\u201d potrebbe essere ritenuto responsabile. La societ\u00e0 SAS Base Nautique du Pont d'Arc con la denominazione commerciale \u201cBASE NAUTIQUE DU PONT D'ARC\u201d raccomanda ai noleggiatori dell'attrezzatura di assicurarsi di avere un'assicurazione di responsabilit\u00e0 civile individuale per l'attivit\u00e0 svolta.<\/p>\n<p>USO DEL FIUME<br \/>In presenza di pescatori e utenti, l'affittuario si impegna a raggiungere la sponda opposta in tutta tranquillit\u00e0. L'affittuario si impegna a rispettare la fauna e la flora. \u00c8 vietato accendere fuochi nelle Gorges de l'Ard\u00e8che.<\/p>\n<p>Prima di percorrere le rapide, il noleggiatore deve verificare se il passaggio \u00e8 libero e mantenere una distanza di sicurezza tra le barche. In caso di variazione del livello dell'acqua o di particolari condizioni meteorologiche ed idrologiche, da lui stesso decise, il locatore potr\u00e0 rifiutarsi di noleggiare la canoa-kayak senza preavviso, alla sola condizione della restituzione integrale della cauzione versata.<\/p>\n<p>Articolo 1: TERMINI E CONDIZIONI GENERALI<br \/>Il locatore, ovvero la societ\u00e0 SAS Base Nautique du Pont d'Arc con la denominazione commerciale \u201cBASE NAUTIQUE DU PONT D'ARC\u201d, dichiara di trasferire la custodia delle attrezzature fornite al locatario, il quale accetta quanto segue, a condizione che: Quello:<br \/>Il noleggio dell'attrezzatura \u00e8 concesso per la durata e il numero di persone per imbarcazione specificate nel contratto.<br \/>L'uso dell'attrezzatura noleggiata deve avvenire nel contesto di una tranquilla crociera fluviale di Classe II.<br \/>L'inquilino spiega:<br \/>Durante il periodo di noleggio, mantieni in buono stato l'attrezzatura che gli hai fornito in modo da riconsegnarla nelle stesse condizioni in cui gliel'hai affidata.<br \/>Ci impegniamo a pagare eventuali danni all'attrezzatura dovuti a uso improprio o deterioramento insolito, secondo il prezzo stimato dall'officina riparazioni della societ\u00e0 di noleggio.<br \/>Essere coperti da un'assicurazione di responsabilit\u00e0 civile.<br \/>Accettarsi di non lasciare barca, gilet, mute, caschi, giacche a vento, pagaie e contenitori lungo il percorso e di pagare l'eventuale attrezzatura smarrita o abbandonata e i costi di ricerca di tale attrezzatura.<br \/>Il locatore dichiara di essere assicurato in tale qualit\u00e0 contro le conseguenze della responsabilit\u00e0 civile ai sensi degli articoli 1147 (responsabilit\u00e0 contrattuale) e 1382 (responsabilit\u00e0 derivante da fatto illecito), 1386 c.c. e 1397 (articoli normativi allegati al presente Regolamento). Il locatore non si assume alcuna responsabilit\u00e0 per i veicoli parcheggiati o per gli oggetti a lui affidati. Il locatore non si assume alcuna responsabilit\u00e0 per la tenuta stagna dei contenitori noleggiati, ma questa \u00e8 subordinata alla corretta chiusura da parte degli utilizzatori.<\/p>\n<p>Articolo 2: Obblighi delle parti contraenti<br \/>Obblighi del locatore: Il locatore si impegna:<br \/>Non noleggiare imbarcazioni a minori single di et\u00e0 inferiore ai 12 anni se non accompagnati da un adulto.<br \/>Ogni partecipante dovr\u00e0 conseguire il certificato onorifico di saper nuotare 25 metri e di saper immergersi (certificato con modello allegato).<br \/>Informare l'inquilino di tutti i suoi obblighi come sopra dettagliato.<br \/>Obblighi del locatario: Il locatario si impegna per s\u00e9 e, se necessario, per tutti i partecipanti da lui rappresentati:<br \/>Tutti possono nuotare per 25 metri e sono in grado di immergersi.<br \/>Che ogni persona indossi un dispositivo di galleggiamento e scarpe con lacci chiusi o cinturini chiusi durante tutto il periodo di navigazione. I gilet devono essere indossati chiusi.<br \/>Restituire al proprietario tutte le attrezzature interessate dal presente noleggio nelle condizioni originali.<br \/>\u00c8 necessario disporre di un contratto di responsabilit\u00e0 civile valido il giorno del noleggio.<br \/>Di non avere alcuna controindicazione fisica alla pratica dell\u2019attivit\u00e0 offerta dalla Soci\u00e9t\u00e9 SAS Base Nautique du Pont d\u2019Arc con il marchio \u201cBASE NAUTIQUE DU PONT D\u2019ARC\u201d.<br \/>Preso visione di quanto previsto dalle condizioni generali di noleggio fornite dal locatore, che descrivono, tra l'altro, le difficolt\u00e0 e le norme relative al percorso.<\/p>\n<p>All'affittuario \u00e8 fatto divieto di:<br \/>Navigare con un bambino di et\u00e0 inferiore a 7 anni o di et\u00e0 inferiore all'et\u00e0 minima in conformit\u00e0 con le specifiche normative locali e amministrative.<br \/>Abbandonare attrezzature nautiche e rifiuti sul percorso ed entrare in propriet\u00e0 private lungo il percorso il cui accesso \u00e8 vietato.<br \/>Rimborso alla societ\u00e0 di noleggio dell'importo del materiale smarrito o notevolmente danneggiato secondo le tariffe in vigore affisse nei locali della Soci\u00e9t\u00e9 SAS Base Nautique du Pont d'Arc con la denominazione commerciale \u201cBASE NAUTIQUE DU PONT D'ARC\u201d<br \/>Al momento della partenza dovr\u00e0 essere esibita al locatore una carta d'identit\u00e0 che verr\u00e0 consegnata a titolo di cauzione. Verr\u00e0 creato un modulo di ricevuta che dettaglia l'attrezzatura noleggiata e il periodo di noleggio.<br \/>Recupero materiale:<br \/>Ogni attivit\u00e0 sar\u00e0 fatturata al prezzo dell'attrezzatura noleggiata pi\u00f9 le spese di rimpatrio dell'imbarcazione e delle persone, secondo le tariffe in vigore affisse nei locali della Soci\u00e9t\u00e9 SAS Base Nautique du Pont d'Arc con la denominazione commerciale \u201cBASE NAUTIQUE DU PONT D'ARC\u201d \u00bb<\/p>\n<p>Articolo 3: CONDIZIONI PARTICOLARI<br \/>La societ\u00e0 SAS Base Nautique du Pont d\u2019Arc con il nome commerciale \u201cBASE NAUTIQUE DU PONT D\u2019ARC\u201d o la societ\u00e0 di noleggio non sono responsabili delle condizioni in cui il noleggiatore utilizza la sua attrezzatura. Informa il locatario delle condizioni specifiche di seguito riportate relative all'uso di questa attrezzatura nautica, di cui il locatario riconosce di essere stato informato e che si impegna a rispettare:<br \/>I dispositivi possono essere utilizzati solo da bambini di et\u00e0 inferiore a 12 anni accompagnati da un adulto o da un tutore.<br \/>Il noleggiatore dovr\u00e0 essere consapevole delle proprie capacit\u00e0 tecniche e fisiche per portare a termine i percorsi previsti. Infatti, la societ\u00e0 SAS Base Nautique du Pont d'Arc, con la denominazione commerciale \u201cBASE NAUTIQUE DU PONT D'ARC\u201d, richiama particolare attenzione al noleggiatore sul livello di effettivo sforzo fisico che determinati percorsi rappresentano.<br \/>L'uso della canoa-kayak richiede un certo livello di abilit\u00e0 di navigazione. La societ\u00e0 SAS Base Nautique du Pont d'Arc, con il nome commerciale \u201cBASE NAUTIQUE DU PONT D'ARC\u201d, si riserva il diritto di vietare l'escursione a qualsiasi cliente che, a suo avviso, non sia idoneo.<br \/>Gli affittuari che viaggiano su tratte non offerte o private lo fanno a proprio rischio e pericolo e non sono coperti dall\u2019assicurazione della Soci\u00e9t\u00e9 SAS Base Nautique du Pont d\u2019Arc con il nome commerciale \u201cBASE NAUTIQUE DU PONT D\u2019ARC\u201d. Di conseguenza, si presume che siano gli unici responsabili delle loro azioni.<br \/>Si consiglia espressamente all'affittuario di bivaccare nelle aree designate nelle Gorges de l'Ard\u00e8che (GAUD, GOURNIER).<br \/>\u00c8 vietato lasciare oggetti nelle Gorges de l'Ard\u00e8che e portare rifiuti all'arrivo presso la sede della Soci\u00e9t\u00e9 SAS Base Nautique du Pont d'Arc, sotto la denominazione commerciale \u201cBASE NAUTIQUE DU PONT D'ARC\u201d.<\/p>\n<p>L'inquilino deve indossare scarpe chiuse.<\/p>\n<p>Articolo 4: Condizioni speciali per il noleggio collettivo di attrezzature nautiche<br \/>In caso di locazione di uno studio congiunto, gli obblighi contenuti nel presente contratto hanno efficacia solo nei confronti del firmatario. L'affittuario si impegna ad informare i membri di questo gruppo sugli obblighi contenuti nel contratto.<\/p>\n<p>Articolo 5: Condizioni generali per la prestazione dei servizi accessori<br \/>5-1 Il locatore trasporta l'attrezzatura e le persone alle condizioni stabilite nel contratto.<br \/>5-2 La fornitura di documenti cartografici sulle possibili rotte marittime \u00e8 indicativa. Questa disposizione non esonera il locatario dall'obbligo di informarsi su eventuali normative o eventuali difficolt\u00e0 presenti sui percorsi che intende intraprendere.<br \/>5-3 Il locatario dichiara di essere informato che potr\u00e0 farsi fotografare durante il suo viaggio nell'Ard\u00e8che da una societ\u00e0 indipendente da La Soci\u00e9t\u00e9 SAS Base Nautique du Pont d'Arc con il nome commerciale \u201cBASE NAUTIQUE DU PONT D'ARC\u201d. . Con il presente contratto ed ai sensi dell'articolo 9 del Codice Civile, il locatario autorizza la societ\u00e0 SAS Base Nautique du Pont d'Arc, sotto la denominazione commerciale \u201cBASE NAUTIQUE DU PONT D'ARC\u201d, a fissare, riprodurre ed esporre la sua immagine per scopi pubblicitari e per gli scopi esclusivi della societ\u00e0 SAS Base Nautique du Pont d'Arc con il nome commerciale \u201cBASE NAUTIQUE DU PONT D'ARC\u201d, e questo su tutti i media digitali e non digitali, in quantit\u00e0 illimitate, per il funzionamento in tutto il mondo e per un periodo di 5 anni dalla stipula del presente contratto.<\/p>\n<p>Articolo 6: Prenotazione \u2013 Cancellazione<br \/><span>Per cancellare una prenotazione, ti chiediamo di contattarci telefonicamente o via e-mail contact@canoe-ardeche.com prima della data prevista per il servizio.<\/span><br \/><br \/><span>Il rimborso completo sar\u00e0 emesso nei seguenti casi:<\/span><br \/><span>- Forza maggiore: decesso, ricovero ospedaliero, malattia, infortunio, ecc. (su presentazione di prova)<\/span><br \/><span>- Divieto di navigazione sull'Ard\u00e8che: a causa di condizioni meteorologiche sfavorevoli (vigilanza arancione o rossa annunciata da M\u00e9t\u00e9o France) o di un'alluvione dell'Ard\u00e8che (secondo le restrizioni di navigazione in vigore)<\/span><br \/><span>- Decisioni governative a causa di una pandemia<\/span><br \/><span>- Se la decisione di annullare la discesa viene da noi.<\/span><br \/><span>I rimborsi saranno effettuati tramite bonifico bancario entro 21 giorni, dal ricevimento delle coordinate bancarie del cliente.<\/span><\/p>\n<p><span>Nessun rimborso sar\u00e0 effettuato senza prova o motivo valido.<\/span><br \/><span>Non saranno effettuati rimborsi a seguito di modifiche dell'ultimo minuto (numero di persone, errore di prenotazione, ecc.)<\/span><br \/><span>Nessun rimborso sar\u00e0 effettuato se la data prevista del servizio \u00e8 passata.<\/span><br \/><span>In questi casi, possiamo posticipare la data del servizio o emettere una nota di credito, valida per 2 anni.<\/span><br \/><span>Nessun rimborso sar\u00e0 effettuato in caso di mancato rispetto delle due condizioni obbligatorie menzionate nelle nostre condizioni generali di noleggio: avere almeno 7 anni e saper nuotare almeno 25 metri<\/span><\/p>\n<p><span>Se le previsioni meteo sono \"sfavorevoli\" (pioggia, vento, ecc.) ma non pericolose (forti temporali, vigilanza arancione o rossa, ecc.), le discese vengono mantenute. Non verranno emessi rimborsi.<\/span><br \/><span>Se il cliente desidera comunque annullare la sua discesa, offriamo 2 possibilit\u00e0:<\/span><br \/><span>- Possiamo emettere una nota di credito, valida per 2 anni, per l'importo del servizio prenotato<\/span><br \/><span>o<\/span><br \/><span>- Possiamo posticipare la data del servizio<\/span><\/p>\n<p>Per i gruppi, la prenotazione diventa effettiva quando la societ\u00e0 SAS Base Nautique du Pont d'Arc, sotto la denominazione commerciale \u201cBASE NAUTIQUE DU PONT D'ARC\u201d, riceve un acconto tramite assegno, contanti o carta di credito. In caso di maltempo o eventi vari che possano pregiudicare l'esercizio dell'attivit\u00e0 della Soci\u00e9t\u00e9 SAS Base Nautique du Pont d'Arc con la denominazione commerciale \u201cBASE NAUTIQUE DU PONT D'ARC\u201d, quest'ultima si riserva il diritto di farlo. Si segnala sopra il diritto di annullare la prenotazione e proporre un rinvio, che potr\u00e0 essere preso in considerazione, subordinatamente alla successiva disponibilit\u00e0 nel corso della stagione in corso. Il pagamento dell'intero servizio dovr\u00e0 essere effettuato al pi\u00f9 tardi al momento dell'imbarco. La prenotazione dell\u2019attrezzatura presso la Soci\u00e9t\u00e9 SAS Base Nautique du Pont d\u2019Arc con il nome commerciale \u201cBASE NAUTIQUE DU PONT D\u2019ARC\u201d presuppone la lettura e l\u2019accettazione immediata delle condizioni generali di noleggio sopra menzionate. Si riserva tutte le clausole.<\/p>\n<p>Articolo 7: CONTROVERSIE<br \/>In caso di difficolt\u00e0 o controversia tra le parti relativa all'interpretazione, esecuzione o risoluzione del presente Contratto, le parti si impegnano a cercare una soluzione amichevole. In caso di disaccordo persistente, qualsiasi controversia o controversia che possa sorgere tra le parti durante l'interpretazione o l'esecuzione sar\u00e0 di competenza del Tribunale Commerciale di Aubenas o della giurisdizione del luogo in cui risiedeva al momento della conclusione del contratto, che applicher\u00e0 la legge francese.<\/p>\n<p><br \/>Articolo 8: CLAUSOLA SUL RISPETTO DEI PROGRAMMI<\/p>\n<p>Il noleggiatore dovr\u00e0 rispettare l'orario di ritrovo seguendo l'itinerario prescelto (consultare la pagina di ciascuna partenza per maggiori dettagli):<\/p>\n<p>Minicorsa 7 km:<br \/>- Bassa stagione: dalle 8:30 alle 12:00 e dalle 13:30 alle 15:00 con orario continuato.<br \/>- Luglio\/Agosto: dalle 7:30 alle 16:00 orario continuato.<br \/>Minima massimo 12 km:<br \/>- Bassa stagione: 9:00, 10:00 e 11:00 (e 13:30 a seconda della stagione)<br \/>- Luglio\/Agosto: dalle 9:00 alle 14:00 (ultima partenza)<br \/>24 km o 31 km in un giorno:<br \/>- Bassa stagione: 8:30-9:00 (31 km) e 8:30, 9:00 e 9:30 (con navetta, 24 km).<br \/>- Luglio\/Agosto: dalle 7:30 alle 9:00 (31 km) e 7:30, 8:00, 8:30, 9:00 e 9:30 (con navetta, 24 km ). ).<br \/>31 km in 2 giorni con bivacco:<br \/>- Bassa stagione: dalle 8:30 alle 12:00 e dalle 13:30 alle 15:00 con orario continuato.<br \/>- Luglio\/Agosto: dalle 7:30 alle 15:00 orario continuato.<br \/>36 km in 2 giorni con bivacco:<br \/>- Bassa stagione: 9:00, 10:00 e 11:00 (e 13:30 a seconda della stagione)<br \/>- Luglio\/Agosto: 9:00 e 14:00 (ultima partenza).<br \/>Nel caso non vengano rispettati questi orari il locatore si riserva il diritto di modificare o annullare il servizio iniziale.<\/p>\n<p>Articolo 9: Clausola di prenotazione del bivacco<br \/>I clienti devono prenotare e ritirare i biglietti del bivacco prima di recarsi alla base nautica di Pont d'Arc per ritirare l'attrezzatura.<br \/>Come prenotare i biglietti del bivacco: Clicca qui per prenotare.<\/p>\n<p>INFORMAZIONI\/SICUREZZA<\/p>\n<p>Numero di telefono del proprietario base numero 1: 0033 4 75 37 17 79<br \/>Tel. Responsabile: 0033 6 21 87 70 63<\/p>\n<p>Emergenze Aubenas: 0033 4 75 35 60 24<br \/>Emergenze Mont\u00e9limar: 0033 4 75 53 40 00<br \/>Bagnols d'emergenza: 0033 4 66 79 10 11<br \/>Emergenze birre: 0033 4 66 78 33 33<br \/>Centro antiveleni: 0800 59 59 59<br \/>Vigile del fuoco: 18<br \/>Samu: 15<br \/>Gendarmeria: 17<br \/>Meteo: 08 99 71 02 07 (Vedi Rif. AUBENAS Settore Plaine) - www.meteociel.fr\/vallonpontdarc<\/p>\n<p>Elaborazione dei reclami<\/p>\n<p>In caso di reclami, il noleggiatore pu\u00f2 contattare la Soci\u00e9t\u00e9 SAS Base Nautique du Pont d\u2019Arc con il nome commerciale \u201cBASE NAUTIQUE DU PONT D\u2019ARC\u201d:<br \/>- via e-mail al seguente indirizzo: contact@canoe-ardeche.com<br \/>- via posta: SAS BASE NAUTIQUE DU PONT D'ARC - 168 Route des Gorges - 07150 VALLON PONT D'ARC<br \/>Tuttavia, affinch\u00e9 la richiesta venga presa in considerazione, l'affittuario dovr\u00e0 allegare al reclamo una copia della fattura, che verr\u00e0 automaticamente inviata all'indirizzo email da lui fornito al momento della prenotazione. La societ\u00e0 SAS Base Nautique du Pont d\u2019Arc, sotto la denominazione commerciale \u201cBASE NAUTIQUE DU PONT D\u2019ARC\u201d, si impegna a rispondere al locatario entro 30 giorni<\/p>\n<p>Diritto di recesso<br \/>Articolo L. 121-21-8. \u2013 Il diritto di recesso non pu\u00f2 essere esercitato per i contratti:<br \/>Fornitura di servizi di alloggio, diversi da alloggi residenziali, servizi di trasporto merci, noleggio auto, ristorazione o attivit\u00e0 ricreative, che devono essere forniti in una data specifica o entro un periodo specifico.<\/p>\n<p>Protezione dei dati personali:<br \/>Conformemente alle disposizioni della legge sulla protezione dei dati del 6 gennaio 1978, modificata dalla legge del 6 agosto 2004 sulla protezione delle persone fisiche con riguardo al trattamento dei dati personali, allegata al presente regolamento, l'affittuario ha un diritto di accesso alle informazioni raccolte su di lui dal locatore per correggere o opporsi ai dati personali. Il locatario potr\u00e0 in qualsiasi momento esercitare i suoi diritti d'immagine ai sensi del paragrafo 5-3 delle presenti condizioni e rifiutare il trasferimento su semplice richiesta a La Soci\u00e9t\u00e9 SAS Base Nautique du Pont d'Arc con il nome commerciale \u201cBASE NAUTIQUE DU PONT D'ARC \u201d \u00bb<\/p><\/div><\/div><\/div><\/div><\/div>\n","protected":false},"excerpt":{"rendered":"","protected":false},"author":1,"featured_media":0,"parent":0,"menu_order":0,"comment_status":"closed","ping_status":"closed","template":"","meta":{"footnotes":""},"class_list":["post-3309","page","type-page","status-publish","hentry"],"_links":{"self":[{"href":"https:\/\/www.canoe-ardeche.com\/de\/wp-json\/wp\/v2\/pages\/3309","targetHints":{"allow":["GET"]}}],"collection":[{"href":"https:\/\/www.canoe-ardeche.com\/de\/wp-json\/wp\/v2\/pages"}],"about":[{"href":"https:\/\/www.canoe-ardeche.com\/de\/wp-json\/wp\/v2\/types\/page"}],"author":[{"embeddable":true,"href":"https:\/\/www.canoe-ardeche.com\/de\/wp-json\/wp\/v2\/users\/1"}],"replies":[{"embeddable":true,"href":"https:\/\/www.canoe-ardeche.com\/de\/wp-json\/wp\/v2\/comments?post=3309"}],"version-history":[{"count":1,"href":"https:\/\/www.canoe-ardeche.com\/de\/wp-json\/wp\/v2\/pages\/3309\/revisions"}],"predecessor-version":[{"id":3616,"href":"https:\/\/www.canoe-ardeche.com\/de\/wp-json\/wp\/v2\/pages\/3309\/revisions\/3616"}],"wp:attachment":[{"href":"https:\/\/www.canoe-ardeche.com\/de\/wp-json\/wp\/v2\/media?parent=3309"}],"curies":[{"name":"wp","href":"https:\/\/api.w.org\/{rel}","templated":true}]}}