{"id":3319,"date":"2022-12-19T11:10:27","date_gmt":"2022-12-19T10:10:27","guid":{"rendered":"https:\/\/www.canoe-ardeche.com\/materiel-a-vendre\/"},"modified":"2024-03-18T16:22:56","modified_gmt":"2024-03-18T15:22:56","slug":"ausrustung-zu-verkaufen","status":"publish","type":"page","link":"https:\/\/www.canoe-ardeche.com\/de\/praktische-information\/ausrustung-zu-verkaufen\/","title":{"rendered":"Ausr\u00fcstung zu verkaufen"},"content":{"rendered":"<div class=\"fusion-fullwidth fullwidth-box fusion-builder-row-1 fusion-flex-container has-pattern-background has-mask-background nonhundred-percent-fullwidth non-hundred-percent-height-scrolling\" style=\"--awb-border-radius-top-left:0px;--awb-border-radius-top-right:0px;--awb-border-radius-bottom-right:0px;--awb-border-radius-bottom-left:0px;--awb-padding-top:50px;\" ><div class=\"fusion-builder-row fusion-row fusion-flex-align-items-center\" style=\"max-width:1456px;margin-left: calc(-4% \/ 2 );margin-right: calc(-4% \/ 2 );\"><div class=\"fusion-layout-column fusion_builder_column fusion-builder-column-0 fusion_builder_column_1_1 1_1 fusion-flex-column\" style=\"--awb-bg-size:cover;--awb-width-large:100%;--awb-spacing-right-large:1.92%;--awb-spacing-left-large:1.92%;--awb-width-medium:100%;--awb-order-medium:0;--awb-spacing-right-medium:1.92%;--awb-spacing-left-medium:1.92%;--awb-width-small:100%;--awb-order-small:0;--awb-spacing-right-small:1.92%;--awb-spacing-left-small:1.92%;\"><div class=\"fusion-column-wrapper fusion-column-has-shadow fusion-flex-justify-content-flex-start fusion-content-layout-column\"><div class=\"fusion-title title fusion-title-1 fusion-sep-none fusion-title-center fusion-title-text fusion-title-size-one\"><h1 class=\"title-heading-center\" style=\"margin:0;\">Ausr\u00fcstung zu verkaufen<\/h1><\/div><\/div><\/div><div class=\"fusion-layout-column fusion_builder_column fusion-builder-column-1 fusion_builder_column_1_1 1_1 fusion-flex-column\" style=\"--awb-bg-size:cover;--awb-width-large:100%;--awb-spacing-right-large:1.92%;--awb-margin-bottom-large:50px;--awb-spacing-left-large:1.92%;--awb-width-medium:100%;--awb-order-medium:0;--awb-spacing-right-medium:1.92%;--awb-spacing-left-medium:1.92%;--awb-width-small:100%;--awb-order-small:0;--awb-spacing-right-small:1.92%;--awb-spacing-left-small:1.92%;\"><div class=\"fusion-column-wrapper fusion-column-has-shadow fusion-flex-justify-content-flex-start fusion-content-layout-column\"><div class=\"fusion-text fusion-text-1\"><p style=\"text-align: center;\"><strong>Wir haben regelm\u00e4\u00dfig Ger\u00e4te im Angebot. Hier sind unsere Verk\u00e4ufe<\/strong><\/p>\n<\/div><\/div><\/div><div class=\"fusion-layout-column fusion_builder_column fusion-builder-column-2 fusion_builder_column_1_1 1_1 fusion-flex-column bg-gris\" style=\"--awb-padding-top:10px;--awb-padding-right:10px;--awb-padding-bottom:10px;--awb-padding-left:10px;--awb-bg-size:cover;--awb-width-large:100%;--awb-spacing-right-large:1.92%;--awb-margin-bottom-large:30px;--awb-spacing-left-large:1.92%;--awb-width-medium:100%;--awb-order-medium:0;--awb-spacing-right-medium:1.92%;--awb-spacing-left-medium:1.92%;--awb-width-small:100%;--awb-order-small:0;--awb-spacing-right-small:1.92%;--awb-spacing-left-small:1.92%;\"><div class=\"fusion-column-wrapper fusion-column-has-shadow fusion-flex-justify-content-flex-start fusion-content-layout-column\"><div class=\"fusion-builder-row fusion-builder-row-inner fusion-row fusion-flex-align-items-center\" style=\"width:104% !important;max-width:104% !important;margin-left: calc(-4% \/ 2 );margin-right: calc(-4% \/ 2 );\"><div class=\"fusion-layout-column fusion_builder_column_inner fusion-builder-nested-column-0 fusion_builder_column_inner_1_3 1_3 fusion-flex-column\" style=\"--awb-padding-bottom:0px;--awb-bg-size:cover;--awb-width-large:33.333333333333%;--awb-spacing-right-large:5.76%;--awb-margin-bottom-large:0px;--awb-spacing-left-large:5.76%;--awb-width-medium:100%;--awb-order-medium:0;--awb-spacing-right-medium:1.92%;--awb-spacing-left-medium:1.92%;--awb-width-small:100%;--awb-order-small:0;--awb-spacing-right-small:1.92%;--awb-spacing-left-small:1.92%;\"><div class=\"fusion-column-wrapper fusion-column-has-shadow fusion-flex-justify-content-flex-start fusion-content-layout-column\"><div class=\"fusion-image-element \" style=\"text-align:center;\"><span class=\" fusion-imageframe imageframe-none imageframe-1 hover-type-none\"><a href=\"https:\/\/www.canoe-ardeche.com\/wp-content\/uploads\/IMG-20190225-WA0000-e1551086368977-768x461-1.jpg\" class=\"fusion-lightbox\" data-rel=\"iLightbox[e035c278029f80edfbb]\" data-title=\"Cano\u00eb Aguila\" title=\"Cano\u00eb Aguila\"><img decoding=\"async\" width=\"600\" height=\"300\" src=\"data:image\/svg+xml,%3Csvg%20xmlns%3D%27http%3A%2F%2Fwww.w3.org%2F2000%2Fsvg%27%20width%3D%27768%27%20height%3D%27461%27%20viewBox%3D%270%200%20768%20461%27%3E%3Crect%20width%3D%27768%27%20height%3D%27461%27%20fill-opacity%3D%220%22%2F%3E%3C%2Fsvg%3E\" data-orig-src=\"https:\/\/www.canoe-ardeche.com\/wp-content\/uploads\/IMG-20190225-WA0000-e1551086368977-768x461-1-600x300.jpg\" alt class=\"lazyload img-responsive wp-image-3938\"\/><\/a><\/span><\/div><\/div><\/div><div class=\"fusion-layout-column fusion_builder_column_inner fusion-builder-nested-column-1 fusion_builder_column_inner_2_3 2_3 fusion-flex-column\" style=\"--awb-padding-bottom:0px;--awb-bg-size:cover;--awb-width-large:66.666666666667%;--awb-spacing-right-large:2.88%;--awb-margin-bottom-large:0px;--awb-spacing-left-large:2.88%;--awb-width-medium:100%;--awb-order-medium:0;--awb-spacing-right-medium:1.92%;--awb-spacing-left-medium:1.92%;--awb-width-small:100%;--awb-order-small:0;--awb-spacing-right-small:1.92%;--awb-spacing-left-small:1.92%;\"><div class=\"fusion-column-wrapper fusion-column-has-shadow fusion-flex-justify-content-flex-start fusion-content-layout-column\"><div class=\"fusion-text fusion-text-2\"><p>60 neuwertige Kanus, Typ \u201eAguila\u201c (Neukauf im Juli 2018)<\/p>\n<p>Preis :<br \/>\nEinheit: 300,00 \u20ac ohne Steuern<br \/>\nPro 10: 270,00 \u20ac ohne MwSt<br \/>\nDer Preis: 15.000,00 \u20ac zzgl. Steuern<\/p>\n<p>Weitere Kanus (DAG C2 Ard\u00e9chois, ROTOMOD C2 Inca usw.) stehen derzeit zum Verkauf.<br \/>\nF\u00fcr weitere Informationen zu unseren Verk\u00e4ufen kontaktieren Sie Herrn KALKIAS Wilfried unter 06 21 87 70 63<\/p>\n<\/div><\/div><\/div><\/div><\/div><\/div><\/div><\/div>\n","protected":false},"excerpt":{"rendered":"","protected":false},"author":1,"featured_media":0,"parent":3329,"menu_order":0,"comment_status":"closed","ping_status":"closed","template":"100-width.php","meta":{"footnotes":""},"class_list":["post-3319","page","type-page","status-publish","hentry"],"_links":{"self":[{"href":"https:\/\/www.canoe-ardeche.com\/de\/wp-json\/wp\/v2\/pages\/3319","targetHints":{"allow":["GET"]}}],"collection":[{"href":"https:\/\/www.canoe-ardeche.com\/de\/wp-json\/wp\/v2\/pages"}],"about":[{"href":"https:\/\/www.canoe-ardeche.com\/de\/wp-json\/wp\/v2\/types\/page"}],"author":[{"embeddable":true,"href":"https:\/\/www.canoe-ardeche.com\/de\/wp-json\/wp\/v2\/users\/1"}],"replies":[{"embeddable":true,"href":"https:\/\/www.canoe-ardeche.com\/de\/wp-json\/wp\/v2\/comments?post=3319"}],"version-history":[{"count":2,"href":"https:\/\/www.canoe-ardeche.com\/de\/wp-json\/wp\/v2\/pages\/3319\/revisions"}],"predecessor-version":[{"id":3696,"href":"https:\/\/www.canoe-ardeche.com\/de\/wp-json\/wp\/v2\/pages\/3319\/revisions\/3696"}],"up":[{"embeddable":true,"href":"https:\/\/www.canoe-ardeche.com\/de\/wp-json\/wp\/v2\/pages\/3329"}],"wp:attachment":[{"href":"https:\/\/www.canoe-ardeche.com\/de\/wp-json\/wp\/v2\/media?parent=3319"}],"curies":[{"name":"wp","href":"https:\/\/api.w.org\/{rel}","templated":true}]}}