{"id":4078,"date":"2024-04-15T10:53:37","date_gmt":"2024-04-15T08:53:37","guid":{"rendered":"https:\/\/www.canoe-ardeche.com\/geschaftstourismus-in-der-ardeche\/"},"modified":"2024-04-15T11:06:42","modified_gmt":"2024-04-15T09:06:42","slug":"geschaftstourismus-in-der-ardeche","status":"publish","type":"page","link":"https:\/\/www.canoe-ardeche.com\/de\/geschaftstourismus-in-der-ardeche\/","title":{"rendered":"Gesch\u00e4ftstourismus in der Ard\u00e8che"},"content":{"rendered":"<div class=\"fusion-fullwidth fullwidth-box fusion-builder-row-1 fusion-flex-container has-pattern-background has-mask-background nonhundred-percent-fullwidth non-hundred-percent-height-scrolling\" style=\"--awb-border-radius-top-left:0px;--awb-border-radius-top-right:0px;--awb-border-radius-bottom-right:0px;--awb-border-radius-bottom-left:0px;\" ><div class=\"fusion-builder-row fusion-row fusion-flex-align-items-flex-start\" style=\"max-width:1456px;margin-left: calc(-4% \/ 2 );margin-right: calc(-4% \/ 2 );\"><div class=\"fusion-layout-column fusion_builder_column fusion-builder-column-0 fusion_builder_column_1_1 1_1 fusion-flex-column\" style=\"--awb-bg-size:cover;--awb-width-large:100%;--awb-spacing-right-large:1.92%;--awb-spacing-left-large:1.92%;--awb-width-medium:100%;--awb-order-medium:0;--awb-spacing-right-medium:1.92%;--awb-spacing-left-medium:1.92%;--awb-width-small:100%;--awb-order-small:0;--awb-spacing-right-small:1.92%;--awb-spacing-left-small:1.92%;\"><div class=\"fusion-column-wrapper fusion-column-has-shadow fusion-flex-justify-content-flex-start fusion-content-layout-column\"><div class=\"fusion-text fusion-text-1\"><p><strong>Gesch\u00e4ftstourismus in der Ard\u00e8che: Ein einzigartiges Ziel f\u00fcr Ihre beruflichen Veranstaltungen<\/strong><\/p>\n<p>Suchen Sie einen au\u00dfergew\u00f6hnlichen Ort inmitten wilder und gesch\u00fctzter Natur, um Ihre Teams zusammenzubringen? Die Ard\u00e8che mit ihren majest\u00e4tischen Gorges de l&#8217;Ard\u00e8che ist die perfekte Wahl.<\/p>\n<p><strong>Moderne Infrastrukturen angepasst an Ihre Bed\u00fcrfnisse<\/strong><\/p>\n<p>Ganz gleich, ob Sie einen intimen Besprechungsraum f\u00fcr Diskussionen in kleinen Gruppen oder einen ger\u00e4umigen Raum f\u00fcr eine Plenarsitzung w\u00fcnschen, der S\u00fcden der Ard\u00e8che hat alles, was Sie brauchen. Mit mehreren Tagungsr\u00e4umen unterschiedlicher Kapazit\u00e4t in der Umgebung, die Platz f\u00fcr 20 bis 500 Personen bieten, finden Sie leicht den idealen Rahmen f\u00fcr Ihre Veranstaltung.<\/p>\n<p><strong>Hochwertige Unterk\u00fcnfte f\u00fcr jeden Geschmack<\/strong><\/p>\n<p>Das Unterkunftsangebot in der Region Gorges de l&#8217;Ard\u00e8che ist vielf\u00e4ltig und passt sich Ihren Bed\u00fcrfnissen und Vorlieben an. Wir arbeiten mit erstklassigen Gruppenunterk\u00fcnften, Hotels, Feriend\u00f6rfern und Campingpl\u00e4tzen zusammen und bieten 2- bis 5-Sterne-Services. Zu unseren Partnern z\u00e4hlen renommierte Einrichtungen wie Domaine de S\u00e9venier, Camping Ranc Davaine, Domaine des Ranchisses und Domaine Lou Capitelle.<\/p>\n<p><strong>Hochwertige Gastronomie und kulinarische Entdeckungen<\/strong><\/p>\n<p>Ard\u00e8che ist bekannt f\u00fcr seine reichhaltige Gastronomie und lokalen Spezialit\u00e4ten. Nutzen Sie unser au\u00dfergew\u00f6hnliches Terroir, um hochwertige lokale Produkte zu probieren. In den Gemeinden rund um <a href=\"https:\/\/www.canoe-ardeche.com\/de\/praktische-information\/pont-darc-klassifizierte-staette\/\">Pont d&#8217;Arc<\/a> finden Sie eine Vielzahl von Restaurants und Caterern sowie hochwertige Speisem\u00f6glichkeiten unserer Unterkunftspartner.<\/p>\n<p><strong>Einzigartige Aktivit\u00e4ten zur St\u00e4rkung des Teamzusammenhalts<\/strong><\/p>\n<p>Die Gorges de l&#8217;Ard\u00e8che bieten eine Reihe von Aktivit\u00e4ten, die Sport und Kultur verbinden. Besuchen Sie wichtige Sehensw\u00fcrdigkeiten wie den Rekonstitutionsraum der Chauvet-H\u00f6hle, die Grotte de l&#8217;Aven d&#8217;Orgnac (Grand Site de France) oder den Espace N\u00e9ovinum des Vignerons Ard\u00e9chois. Nehmen Sie gleichzeitig an Outdoor-Aktivit\u00e4ten wie Canyoning, H\u00f6hlenforschung, Mountainbiken, Baumklettern und Wandern teil. Verpassen Sie nicht das unvergessliche Erlebnis <a href=\"https:\/\/www.canoe-ardeche.com\/de\/kanuabfahrten\/\">einer Kanufahrt durch die Gorges de l&#8217;Ard\u00e8che<\/a> mit Routen von 5 bis 36 km, die f\u00fcr jedes Niveau geeignet sind. Begleitet oder im Rahmen eines kostenlosen Kurses, \u00fcber ein paar Stunden oder mehrere Tage, kann Ihnen die Nautikbasis Pont d&#8217;Arc eine Kanufahrt anbieten, die Ihren W\u00fcnschen entspricht, ein Erlebnis, das mit Sicherheit unvergesslich sein wird.<\/p>\n<p><strong>Umweltengagement und G\u00fctesiegel<\/strong><\/p>\n<p>Die Ard\u00e8che ist bekannt f\u00fcr ihr Engagement f\u00fcr die Umwelt und ist damit f\u00fchrend im regionalen gr\u00fcnen Tourismus. Ber\u00fchmte St\u00e4tten wie die Chauvet-H\u00f6hle (UNESCO-Weltkulturerbe) und die Aven d&#8217;Orgnac (Grand Site de France) sind Beispiele daf\u00fcr. Die Gorges de l&#8217;Ard\u00e8che, seit 1980 ein Naturschutzgebiet, beherbergen eine au\u00dfergew\u00f6hnliche Artenvielfalt, die es bei einer Kanufahrt zu entdecken gilt.<\/p>\n<p><strong>Zugang<\/strong><\/p>\n<p>Die Gorges de l&#8217;Ard\u00e8che liegen in der N\u00e4he der Hauptverkehrswege des Rhonetals (Autobahn A7, TGV-Linie und Avignon TGV- und Valence TGV-Bahnhof, Mont\u00e9limar-Bahnhof; schlie\u00dflich sind alle diese Bahnh\u00f6fe t\u00e4glich mit einem Bus mit Vallon Pont d&#8217;Arc verbunden). Linie). In der N\u00e4he der gro\u00dfen St\u00e4dte im S\u00fcdostviertel (Montpellier, Lyon, Marseille) ist Ard\u00e8che das ideale Ziel f\u00fcr Ihre Firmenveranstaltungen.<\/p>\n<p><strong>Renommierte Kunden vertrauen uns<\/strong><\/p>\n<p>Mit mehr als 40 Jahren Erfahrung in der Organisation von Outdoor-Aktivit\u00e4ten empf\u00e4ngt die Nautikbasis Pont d&#8217;Arc jedes Jahr zahlreiche nationale und internationale Unternehmen. Zu unseren Kunden z\u00e4hlen renommierte Unternehmen wie RTE, Coca-Cola, EDF, Engie und Michelin, aber auch KMU und VSE wie La Fabrique Givr\u00e9e, Ecosph\u00e8re, TrollSportMontagne, Pellet, Satoriz und sogar \u00f6ffentliche Einrichtungen wie Le PNR des Monts d \u201eArd\u00e8che, die CREPS Rh\u00f4ne Alpes Auvergne.\u201c Um den Erfolg Ihres Seminars zu garantieren, arbeiten wir eng mit renommierten Reiseb\u00fcros zusammen.<\/p>\n<p>Z\u00f6gern Sie nicht, uns zu kontaktieren, wenn Sie ein Angebot oder Informationen zu Ihren Seminarprojekten w\u00fcnschen. Kommen Sie und erleben Sie ein einzigartiges Erlebnis in der Ard\u00e8che, wo sich Arbeit und Vergn\u00fcgen harmonisch verbinden und unvergessliche Erinnerungen schaffen.<\/p>\n<\/div><\/div><\/div><\/div><\/div>\n","protected":false},"excerpt":{"rendered":"","protected":false},"author":2,"featured_media":0,"parent":0,"menu_order":0,"comment_status":"closed","ping_status":"closed","template":"","meta":{"footnotes":""},"class_list":["post-4078","page","type-page","status-publish","hentry"],"_links":{"self":[{"href":"https:\/\/www.canoe-ardeche.com\/de\/wp-json\/wp\/v2\/pages\/4078","targetHints":{"allow":["GET"]}}],"collection":[{"href":"https:\/\/www.canoe-ardeche.com\/de\/wp-json\/wp\/v2\/pages"}],"about":[{"href":"https:\/\/www.canoe-ardeche.com\/de\/wp-json\/wp\/v2\/types\/page"}],"author":[{"embeddable":true,"href":"https:\/\/www.canoe-ardeche.com\/de\/wp-json\/wp\/v2\/users\/2"}],"replies":[{"embeddable":true,"href":"https:\/\/www.canoe-ardeche.com\/de\/wp-json\/wp\/v2\/comments?post=4078"}],"version-history":[{"count":2,"href":"https:\/\/www.canoe-ardeche.com\/de\/wp-json\/wp\/v2\/pages\/4078\/revisions"}],"predecessor-version":[{"id":4083,"href":"https:\/\/www.canoe-ardeche.com\/de\/wp-json\/wp\/v2\/pages\/4078\/revisions\/4083"}],"wp:attachment":[{"href":"https:\/\/www.canoe-ardeche.com\/de\/wp-json\/wp\/v2\/media?parent=4078"}],"curies":[{"name":"wp","href":"https:\/\/api.w.org\/{rel}","templated":true}]}}