{"id":4076,"date":"2024-04-15T10:34:43","date_gmt":"2024-04-15T08:34:43","guid":{"rendered":"https:\/\/www.canoe-ardeche.com\/business-tourism-in-ardeche\/"},"modified":"2024-04-15T11:05:04","modified_gmt":"2024-04-15T09:05:04","slug":"business-tourism-in-ardeche","status":"publish","type":"page","link":"https:\/\/www.canoe-ardeche.com\/en\/business-tourism-in-ardeche\/","title":{"rendered":"Business tourism in Ard\u00e8che"},"content":{"rendered":"<div class=\"fusion-fullwidth fullwidth-box fusion-builder-row-1 fusion-flex-container has-pattern-background has-mask-background nonhundred-percent-fullwidth non-hundred-percent-height-scrolling\" style=\"--awb-border-radius-top-left:0px;--awb-border-radius-top-right:0px;--awb-border-radius-bottom-right:0px;--awb-border-radius-bottom-left:0px;\" ><div class=\"fusion-builder-row fusion-row fusion-flex-align-items-flex-start\" style=\"max-width:1456px;margin-left: calc(-4% \/ 2 );margin-right: calc(-4% \/ 2 );\"><div class=\"fusion-layout-column fusion_builder_column fusion-builder-column-0 fusion_builder_column_1_1 1_1 fusion-flex-column\" style=\"--awb-bg-size:cover;--awb-width-large:100%;--awb-spacing-right-large:1.92%;--awb-spacing-left-large:1.92%;--awb-width-medium:100%;--awb-order-medium:0;--awb-spacing-right-medium:1.92%;--awb-spacing-left-medium:1.92%;--awb-width-small:100%;--awb-order-small:0;--awb-spacing-right-small:1.92%;--awb-spacing-left-small:1.92%;\"><div class=\"fusion-column-wrapper fusion-column-has-shadow fusion-flex-justify-content-flex-start fusion-content-layout-column\"><div class=\"fusion-text fusion-text-1\"><p><strong>Business Tourism in Ard\u00e8che: A unique destination for your professional events<\/strong><\/p>\n<p>Looking for an exceptional place, in the heart of wild and preserved nature, to bring your teams together? Ard\u00e8che, with its majestic Gorges de l&#8217;Ard\u00e8che, is the perfect choice.<\/p>\n<p><strong>Modern infrastructures adapted to your needs<\/strong><\/p>\n<p>Whether you want an intimate meeting room for small group discussions or a spacious space for a plenary session, the south of Ard\u00e8che has what you need. With several meeting rooms of different capacities in the area, accommodating from 20 to 500 people, you will easily find the ideal setting for your event.<\/p>\n<p><strong>Quality accommodation suitable for all tastes<\/strong><\/p>\n<p>The accommodation offer in the Gorges de l&#8217;Ard\u00e8che region is varied and adapts to your needs and preferences. We work in partnership with high-end group lodges, hotels, holiday villages and campsites, offering 2 to 5 star services. Our partners include renowned establishments such as Domaine de S\u00e9venier, Camping Ranc Davaine, Domaine des Ranchisses and Domaine Lou Capitelle.<\/p>\n<p><strong>Quality gastronomy and culinary discovery<\/strong><\/p>\n<p>Ard\u00e8che is renowned for its rich gastronomy and local specialties. Take advantage of our exceptional terroir to taste quality local products. You will find a variety of restaurants and caterers in the communities around <a href=\"https:\/\/www.canoe-ardeche.com\/en\/practical-information\/the-pont-darc\/\">Pont d&#8217;Arc<\/a>, as well as quality dining options offered by our accommodation partners.<\/p>\n<p><strong>Unique activities to strengthen team cohesion<\/strong><\/p>\n<p>The Gorges de l&#8217;Ard\u00e8che offer a range of activities combining sport and culture. Visit essential sites such as the Reconstitution Space of the Chauvet Cave, the Grotte de l&#8217;Aven d&#8217;Orgnac (Grand Site de France), or the Espace N\u00e9ovinum des Vignerons Ard\u00e9chois. At the same time, take part in outdoor activities such as canyoning, caving, mountain biking, tree climbing, hiking. Don&#8217;t miss the unforgettable experience of <a href=\"https:\/\/www.canoe-ardeche.com\/en\/the-descents-by-canoe-kayak\/\">canoeing down the Gorges de l&#8217;Ard\u00e8che<\/a>, with routes from 5 to 36 km, suitable for all levels. Accompanied or on a free course, over a few hours or several days, the Pont d&#8217;Arc Nautical Base will be able to offer you the canoe trip adapted to your desires, an experience that is sure to be unforgettable.<\/p>\n<p><strong>Environmental commitment and quality labels<\/strong><\/p>\n<p>Ard\u00e8che is recognized for its commitment to the environment, which makes it a leader in regional green tourism. Iconic sites such as the Chauvet Cave (UNESCO World Heritage) and the Aven d&#8217;Orgnac (Grand Site de France) are examples. The Gorges de l&#8217;Ard\u00e8che, a nature reserve since 1980, are home to exceptional biodiversity to be discovered during a canoe trip.<\/p>\n<p><strong>Access<\/strong><\/p>\n<p>The Gorges de l&#8217;Ard\u00e8che are located near the main communication routes of the Rh\u00f4ne Valley (A7 motorway, TGV line and Avignon TGV and Valence TGV station, Mont\u00e9limar station, finally all these stations are connected daily to Vallon Pont d&#8217;Arc by a coach line). Close to large cities in the South-East quarter (Montpellier, Lyon, Marseille), Ard\u00e8che is the ideal destination for your corporate events.<\/p>\n<p><strong>Renowned clients trust us<\/strong><\/p>\n<p>With more than 40 years of experience in organizing outdoor activities, the Pont d&#8217;Arc Nautical Base welcomes numerous national and international companies each year. Among our clients are prestigious companies such as RTE, Coca-Cola, EDF, Engie, and Michelin, but also SMEs and VSEs such as La Fabrique Givr\u00e9e, Ecosph\u00e8re, TrollSportMontagne, Pellet, Satoriz and even public structures such as Le PNR des Monts d\u2019Ard\u00e8che, the CREPS Rh\u00f4ne Alpes Auvergne. We work closely with renowned travel agencies to guarantee the success of your seminar.<\/p>\n<p>Do not hesitate to contact us for any request for a quote or information for your seminar projects. Come and live a unique experience in Ard\u00e8che, where work and pleasure combine harmoniously to create unforgettable memories.<\/p>\n<\/div><\/div><\/div><\/div><\/div>\n","protected":false},"excerpt":{"rendered":"","protected":false},"author":2,"featured_media":0,"parent":0,"menu_order":0,"comment_status":"closed","ping_status":"closed","template":"","meta":{"footnotes":""},"class_list":["post-4076","page","type-page","status-publish","hentry"],"_links":{"self":[{"href":"https:\/\/www.canoe-ardeche.com\/en\/wp-json\/wp\/v2\/pages\/4076","targetHints":{"allow":["GET"]}}],"collection":[{"href":"https:\/\/www.canoe-ardeche.com\/en\/wp-json\/wp\/v2\/pages"}],"about":[{"href":"https:\/\/www.canoe-ardeche.com\/en\/wp-json\/wp\/v2\/types\/page"}],"author":[{"embeddable":true,"href":"https:\/\/www.canoe-ardeche.com\/en\/wp-json\/wp\/v2\/users\/2"}],"replies":[{"embeddable":true,"href":"https:\/\/www.canoe-ardeche.com\/en\/wp-json\/wp\/v2\/comments?post=4076"}],"version-history":[{"count":2,"href":"https:\/\/www.canoe-ardeche.com\/en\/wp-json\/wp\/v2\/pages\/4076\/revisions"}],"predecessor-version":[{"id":4082,"href":"https:\/\/www.canoe-ardeche.com\/en\/wp-json\/wp\/v2\/pages\/4076\/revisions\/4082"}],"wp:attachment":[{"href":"https:\/\/www.canoe-ardeche.com\/en\/wp-json\/wp\/v2\/media?parent=4076"}],"curies":[{"name":"wp","href":"https:\/\/api.w.org\/{rel}","templated":true}]}}