{"id":3308,"date":"2023-01-03T13:44:25","date_gmt":"2023-01-03T12:44:25","guid":{"rendered":"https:\/\/www.canoe-ardeche.com\/reservation-en-ligne\/"},"modified":"2026-05-05T11:06:28","modified_gmt":"2026-05-05T09:06:28","slug":"prenotazione-online","status":"publish","type":"page","link":"https:\/\/www.canoe-ardeche.com\/it\/prenotazione-online\/","title":{"rendered":"Prenotazione online"},"content":{"rendered":"<div class=\"fusion-fullwidth fullwidth-box fusion-builder-row-1 fusion-flex-container has-pattern-background has-mask-background nonhundred-percent-fullwidth non-hundred-percent-height-scrolling\" style=\"--awb-border-radius-top-left:0px;--awb-border-radius-top-right:0px;--awb-border-radius-bottom-right:0px;--awb-border-radius-bottom-left:0px;--awb-padding-top:50px;--awb-padding-bottom:30px;\" ><div class=\"fusion-builder-row fusion-row fusion-flex-align-items-flex-start\" style=\"max-width:1456px;margin-left: calc(-4% \/ 2 );margin-right: calc(-4% \/ 2 );\"><div class=\"fusion-layout-column fusion_builder_column fusion-builder-column-0 fusion_builder_column_1_1 1_1 fusion-flex-column\" style=\"--awb-bg-size:cover;--awb-width-large:100%;--awb-spacing-right-large:1.92%;--awb-spacing-left-large:1.92%;--awb-width-medium:100%;--awb-order-medium:0;--awb-spacing-right-medium:1.92%;--awb-spacing-left-medium:1.92%;--awb-width-small:100%;--awb-order-small:0;--awb-spacing-right-small:1.92%;--awb-spacing-left-small:1.92%;\"><div class=\"fusion-column-wrapper fusion-column-has-shadow fusion-flex-justify-content-flex-start fusion-content-layout-column\"><div class=\"fusion-title title fusion-title-1 fusion-sep-none fusion-title-center fusion-title-text fusion-title-size-one\"><h1 class=\"title-heading-center\" style=\"margin:0;\"><p>Prenotazione online<\/p>\n<h4>Hai una domanda sulla tua prenotazione? Consulta le Domande Frequenti in fondo a questa pagina.<\/h4><\/h1><\/div><div><a rel=\"nofollow\" class=\"fusion-button button-flat button-medium button-default button-1 fusion-button-default-span fusion-button-default-type\" target=\"_self\" href=\"https:\/\/www.canoe-ardeche.com\/it\/prenotazione-online\/?partenaire=o\" style=\"float:right;\"><span class=\"fusion-button-text\">Ho un codice partner<\/span><\/a><\/div>\t\t<script type=\"text\/javascript\" src=\"https:\/\/www.mtcom.fr\/widgets\/reservation\/widget.js\"><\/script>\n        <div id=\"reservation\"><\/div>\n        <script type=\"text\/javascript\">\n            jQuery('#reservation').resaForm({\n                idPrest: '24902',\n                idCategorie: '12',\n                lg: 'de',\n                urlparent: window.location.href,\n                bgbody: '#fff',\n                ftbody: '#565d62',\n                fth2: '#00527A',\n                bdinput: '#eeeeee',\n                bgblocbt: '#3163BD',\n                ftblocbt: '#ffffff',\n                bdinputglyph: 'transparent',\n                bgpanelbody: '#EEEEEE',\n                ftpanelbody: '#565d62',\n                bgtotright: '#d9edf7',\n                fttotright: '#496D83',\n                ftlinkcgv: '#2d2d2d',\n                ftlinkcgvhover: '#23527c',\n\t\t\t\ttestmtcom: 0,\n\t\t\t\tpreparam: '0',\n\t\t\t\tpartenaire: '',\n\t\t\t\tstylePlus: '.wrap-labelpartranche.id665+%7B+display%3Anone+%7D'\n            });\n        <\/script>\n        <style>\n        .fancybox-overlay { z-index: 99998 !important; }\n\t\t.fancybox-opened { z-index: 99999 !important; }\n        <\/style>\n\t\t<\/div><\/div><div class=\"fusion-layout-column fusion_builder_column fusion-builder-column-1 fusion_builder_column_4_5 4_5 fusion-flex-column FAQ\" style=\"--awb-padding-bottom:0px;--awb-bg-size:cover;--awb-width-large:80%;--awb-spacing-right-large:2.4%;--awb-margin-bottom-large:0px;--awb-spacing-left-large:2.4%;--awb-width-medium:100%;--awb-order-medium:0;--awb-spacing-right-medium:1.92%;--awb-spacing-left-medium:1.92%;--awb-width-small:100%;--awb-order-small:0;--awb-spacing-right-small:1.92%;--awb-spacing-left-small:1.92%;\"><div class=\"fusion-column-wrapper fusion-column-has-shadow fusion-flex-justify-content-center fusion-content-layout-column\"><div class=\"fusion-title title fusion-title-2 fusion-sep-none fusion-title-text fusion-title-size-three\"><h3 class=\"title-heading-left\" style=\"margin:0;\">Prenotazione online: Domande Frequenti<\/h3><\/div><div class=\"accordian fusion-accordian\" style=\"--awb-border-size:1px;--awb-icon-size:16px;--awb-content-font-size:var(--awb-typography4-font-size);--awb-icon-alignment:left;--awb-hover-color:var(--awb-color2);--awb-border-color:var(--awb-color3);--awb-background-color:var(--awb-color1);--awb-divider-color:var(--awb-color3);--awb-divider-hover-color:var(--awb-color3);--awb-icon-color:var(--awb-color1);--awb-title-color:var(--awb-color8);--awb-content-color:var(--awb-color8);--awb-icon-box-color:var(--awb-custom10);--awb-toggle-hover-accent-color:var(--awb-custom11);--awb-title-font-family:&quot;Poppins&quot;;--awb-title-font-weight:regular;--awb-title-font-style:normal;--awb-title-font-size:16px;--awb-title-line-height:1.5;--awb-content-font-family:&quot;Poppins&quot;;--awb-content-font-style:normal;--awb-content-font-weight:regular;\"><div class=\"panel-group fusion-toggle-icon-boxed\" id=\"accordion-3308-1\"><div class=\"fusion-panel panel-default panel-cfc3b0324b30f24a9 fusion-toggle-no-divider fusion-toggle-boxed-mode\" style=\"--awb-title-color:var(--awb-color8);\"><div class=\"panel-heading\"><h4 class=\"panel-title toggle\" id=\"toggle_cfc3b0324b30f24a9\"><a aria-expanded=\"false\" aria-controls=\"cfc3b0324b30f24a9\" role=\"button\" data-toggle=\"collapse\" data-parent=\"#accordion-3308-1\" data-target=\"#cfc3b0324b30f24a9\" href=\"#cfc3b0324b30f24a9\"><span class=\"fusion-toggle-icon-wrapper\" aria-hidden=\"true\"><i class=\"fa-fusion-box active-icon awb-icon-minus\" aria-hidden=\"true\"><\/i><i class=\"fa-fusion-box inactive-icon awb-icon-plus\" aria-hidden=\"true\"><\/i><\/span><span class=\"fusion-toggle-heading\">\u00c8 necessario prenotare in anticipo?<\/span><\/a><\/h4><\/div><div id=\"cfc3b0324b30f24a9\" class=\"panel-collapse collapse \" araia-labelledby=\"toggle_cfc3b0324b30f24a9\"><div class=\"panel-body toggle-content fusion-clearfix\">\n<p>S\u00ec, vi consigliamo vivamente di prenotare in anticipo. Questo vi permette anche di beneficiare di tariffe preferenziali.<\/p>\n<\/div><\/div><\/div><div class=\"fusion-panel panel-default panel-484a602715ab98f2a fusion-toggle-no-divider fusion-toggle-boxed-mode\" style=\"--awb-title-color:var(--awb-custom10);\"><div class=\"panel-heading\"><h4 class=\"panel-title toggle\" id=\"toggle_484a602715ab98f2a\"><a aria-expanded=\"false\" aria-controls=\"484a602715ab98f2a\" role=\"button\" data-toggle=\"collapse\" data-parent=\"#accordion-3308-1\" data-target=\"#484a602715ab98f2a\" href=\"#484a602715ab98f2a\"><span class=\"fusion-toggle-icon-wrapper\" aria-hidden=\"true\"><i class=\"fa-fusion-box active-icon awb-icon-minus\" aria-hidden=\"true\"><\/i><i class=\"fa-fusion-box inactive-icon awb-icon-plus\" aria-hidden=\"true\"><\/i><\/span><span class=\"fusion-toggle-heading\">Si pu\u00f2 annullare una prenotazione?<\/span><\/a><\/h4><\/div><div id=\"484a602715ab98f2a\" class=\"panel-collapse collapse \" araia-labelledby=\"toggle_484a602715ab98f2a\"><div class=\"panel-body toggle-content fusion-clearfix\">\n<p>S\u00ec, potete annullare la vostra discesa in qualsiasi momento per telefono. Il rimborso sar\u00e0 effettuato secondo le nostre condizioni di annullamento (vedi <a href=\"https:\/\/www.canoe-ardeche.com\/it\/condizioni-generali-di-noleggio\/\">CG<\/a>).<\/p>\n<\/div><\/div><\/div><div class=\"fusion-panel panel-default panel-d958a22a22cef3c95 fusion-toggle-no-divider fusion-toggle-boxed-mode\" style=\"--awb-title-color:var(--awb-custom10);\"><div class=\"panel-heading\"><h4 class=\"panel-title toggle\" id=\"toggle_d958a22a22cef3c95\"><a aria-expanded=\"false\" aria-controls=\"d958a22a22cef3c95\" role=\"button\" data-toggle=\"collapse\" data-parent=\"#accordion-3308-1\" data-target=\"#d958a22a22cef3c95\" href=\"#d958a22a22cef3c95\"><span class=\"fusion-toggle-icon-wrapper\" aria-hidden=\"true\"><i class=\"fa-fusion-box active-icon awb-icon-minus\" aria-hidden=\"true\"><\/i><i class=\"fa-fusion-box inactive-icon awb-icon-plus\" aria-hidden=\"true\"><\/i><\/span><span class=\"fusion-toggle-heading\">In caso di cattivo tempo, cosa fare?<\/span><\/a><\/h4><\/div><div id=\"d958a22a22cef3c95\" class=\"panel-collapse collapse \" araia-labelledby=\"toggle_d958a22a22cef3c95\"><div class=\"panel-body toggle-content fusion-clearfix\">\n<p>Le discese si mantengono anche in caso di meteo sfavorevole (tranne in caso di allerta arancione o rossa emessa da M\u00e9t\u00e9o France). Se le condizioni non vi convengono, avete la possibilit\u00e0 di modificare la data della vostra prenotazione senza costi aggiuntivi.<\/p>\n<\/div><\/div><\/div><div class=\"fusion-panel panel-default panel-2b97d2b67f4385e26 fusion-toggle-no-divider fusion-toggle-boxed-mode\" style=\"--awb-title-color:var(--awb-custom10);\"><div class=\"panel-heading\"><h4 class=\"panel-title toggle\" id=\"toggle_2b97d2b67f4385e26\"><a aria-expanded=\"false\" aria-controls=\"2b97d2b67f4385e26\" role=\"button\" data-toggle=\"collapse\" data-parent=\"#accordion-3308-1\" data-target=\"#2b97d2b67f4385e26\" href=\"#2b97d2b67f4385e26\"><span class=\"fusion-toggle-icon-wrapper\" aria-hidden=\"true\"><i class=\"fa-fusion-box active-icon awb-icon-minus\" aria-hidden=\"true\"><\/i><i class=\"fa-fusion-box inactive-icon awb-icon-plus\" aria-hidden=\"true\"><\/i><\/span><span class=\"fusion-toggle-heading\">Bisogna scegliere l'imbarcazione durante la prenotazione?<\/span><\/a><\/h4><\/div><div id=\"2b97d2b67f4385e26\" class=\"panel-collapse collapse \" araia-labelledby=\"toggle_2b97d2b67f4385e26\"><div class=\"panel-body toggle-content fusion-clearfix\">\n<p>No, la scelta dell\u2019imbarcazione (1 o 2 posti) si effettua direttamente sul posto, il giorno della vostra discesa.<\/p>\n<\/div><\/div><\/div><div class=\"fusion-panel panel-default panel-d2de9e0f94973bfb3 fusion-toggle-no-divider fusion-toggle-boxed-mode\" style=\"--awb-title-color:var(--awb-custom10);\"><div class=\"panel-heading\"><h4 class=\"panel-title toggle\" id=\"toggle_d2de9e0f94973bfb3\"><a aria-expanded=\"false\" aria-controls=\"d2de9e0f94973bfb3\" role=\"button\" data-toggle=\"collapse\" data-parent=\"#accordion-3308-1\" data-target=\"#d2de9e0f94973bfb3\" href=\"#d2de9e0f94973bfb3\"><span class=\"fusion-toggle-icon-wrapper\" aria-hidden=\"true\"><i class=\"fa-fusion-box active-icon awb-icon-minus\" aria-hidden=\"true\"><\/i><i class=\"fa-fusion-box inactive-icon awb-icon-plus\" aria-hidden=\"true\"><\/i><\/span><span class=\"fusion-toggle-heading\">Cosa significa \u201cil posto centrale\u201d?<\/span><\/a><\/h4><\/div><div id=\"d2de9e0f94973bfb3\" class=\"panel-collapse collapse \" araia-labelledby=\"toggle_d2de9e0f94973bfb3\"><div class=\"panel-body toggle-content fusion-clearfix\">\n<p>Ogni canoa a 2 posti dispone di un sedile centrale, chiamato \u00ab\u00a0posto di mezzo\u00a0\u00bb, specificatamente riservato ai bambini da 7 a 12 anni. Questo posto non \u00e8 accessibile agli adulti.<\/p>\n<\/div><\/div><\/div><div class=\"fusion-panel panel-default panel-d2f086dd2c2686a91 fusion-toggle-no-divider fusion-toggle-boxed-mode\" style=\"--awb-title-color:var(--awb-custom10);\"><div class=\"panel-heading\"><h4 class=\"panel-title toggle\" id=\"toggle_d2f086dd2c2686a91\"><a aria-expanded=\"false\" aria-controls=\"d2f086dd2c2686a91\" role=\"button\" data-toggle=\"collapse\" data-parent=\"#accordion-3308-1\" data-target=\"#d2f086dd2c2686a91\" href=\"#d2f086dd2c2686a91\"><span class=\"fusion-toggle-icon-wrapper\" aria-hidden=\"true\"><i class=\"fa-fusion-box active-icon awb-icon-minus\" aria-hidden=\"true\"><\/i><i class=\"fa-fusion-box inactive-icon awb-icon-plus\" aria-hidden=\"true\"><\/i><\/span><span class=\"fusion-toggle-heading\">Ho un bambino di meno di 7 anni e desidero prenotare una discesa accompagnata, come fare?<\/span><\/a><\/h4><\/div><div id=\"d2f086dd2c2686a91\" class=\"panel-collapse collapse \" araia-labelledby=\"toggle_d2f086dd2c2686a91\"><div class=\"panel-body toggle-content fusion-clearfix\">\n<p>Per qualsiasi discesa accompagnata da una guida, vi invitiamo a contattarci prima per telefono. Vi spiegheremo successivamente le modalit\u00e0 per finalizzare la vostra prenotazione online.<\/p>\n<\/div><\/div><\/div><div class=\"fusion-panel panel-default panel-a992f8340b7d6194d fusion-toggle-no-divider fusion-toggle-boxed-mode\" style=\"--awb-title-color:var(--awb-custom10);\"><div class=\"panel-heading\"><h4 class=\"panel-title toggle\" id=\"toggle_a992f8340b7d6194d\"><a aria-expanded=\"false\" aria-controls=\"a992f8340b7d6194d\" role=\"button\" data-toggle=\"collapse\" data-parent=\"#accordion-3308-1\" data-target=\"#a992f8340b7d6194d\" href=\"#a992f8340b7d6194d\"><span class=\"fusion-toggle-icon-wrapper\" aria-hidden=\"true\"><i class=\"fa-fusion-box active-icon awb-icon-minus\" aria-hidden=\"true\"><\/i><i class=\"fa-fusion-box inactive-icon awb-icon-plus\" aria-hidden=\"true\"><\/i><\/span><span class=\"fusion-toggle-heading\">Ho una Smartbox, Wonderbox, ecc.: come prenotare?<\/span><\/a><\/h4><\/div><div id=\"a992f8340b7d6194d\" class=\"panel-collapse collapse \" araia-labelledby=\"toggle_a992f8340b7d6194d\"><div class=\"panel-body toggle-content fusion-clearfix\">\n<p>Per qualsiasi prenotazione con una Smartbox, Wonderbox o equivalente, vi preghiamo di contattarci per email al seguente indirizzo: <a class=\"decorated-link cursor-pointer\" rel=\"noopener\" data-start=\"1011\" data-end=\"1036\">contact@canoe-ardeche.com<\/a><\/p>\n<\/div><\/div><\/div><div class=\"fusion-panel panel-default panel-665179c34914ea33d fusion-toggle-no-divider fusion-toggle-boxed-mode\" style=\"--awb-title-color:var(--awb-custom10);\"><div class=\"panel-heading\"><h4 class=\"panel-title toggle\" id=\"toggle_665179c34914ea33d\"><a aria-expanded=\"false\" aria-controls=\"665179c34914ea33d\" role=\"button\" data-toggle=\"collapse\" data-parent=\"#accordion-3308-1\" data-target=\"#665179c34914ea33d\" href=\"#665179c34914ea33d\"><span class=\"fusion-toggle-icon-wrapper\" aria-hidden=\"true\"><i class=\"fa-fusion-box active-icon awb-icon-minus\" aria-hidden=\"true\"><\/i><i class=\"fa-fusion-box inactive-icon awb-icon-plus\" aria-hidden=\"true\"><\/i><\/span><span class=\"fusion-toggle-heading\">Ho un codice partner: come utilizzarlo?<\/span><\/a><\/h4><\/div><div id=\"665179c34914ea33d\" class=\"panel-collapse collapse \" araia-labelledby=\"toggle_665179c34914ea33d\"><div class=\"panel-body toggle-content fusion-clearfix\">\n<p>Per prenotare con un codice partner, cliccate sul pulsante \u00ab\u00a0Ho un codice partner\u00a0\u00bb, inserite il vostro codice, quindi lasciatevi guidare dai passaggi della prenotazione online.<\/p>\n<\/div><\/div><\/div><\/div><\/div><\/div><\/div>\n<\/div><\/div>\n","protected":false},"excerpt":{"rendered":"","protected":false},"author":1,"featured_media":0,"parent":0,"menu_order":0,"comment_status":"closed","ping_status":"closed","template":"","meta":{"footnotes":""},"class_list":["post-3308","page","type-page","status-publish","hentry"],"_links":{"self":[{"href":"https:\/\/www.canoe-ardeche.com\/it\/wp-json\/wp\/v2\/pages\/3308","targetHints":{"allow":["GET"]}}],"collection":[{"href":"https:\/\/www.canoe-ardeche.com\/it\/wp-json\/wp\/v2\/pages"}],"about":[{"href":"https:\/\/www.canoe-ardeche.com\/it\/wp-json\/wp\/v2\/types\/page"}],"author":[{"embeddable":true,"href":"https:\/\/www.canoe-ardeche.com\/it\/wp-json\/wp\/v2\/users\/1"}],"replies":[{"embeddable":true,"href":"https:\/\/www.canoe-ardeche.com\/it\/wp-json\/wp\/v2\/comments?post=3308"}],"version-history":[{"count":4,"href":"https:\/\/www.canoe-ardeche.com\/it\/wp-json\/wp\/v2\/pages\/3308\/revisions"}],"predecessor-version":[{"id":4984,"href":"https:\/\/www.canoe-ardeche.com\/it\/wp-json\/wp\/v2\/pages\/3308\/revisions\/4984"}],"wp:attachment":[{"href":"https:\/\/www.canoe-ardeche.com\/it\/wp-json\/wp\/v2\/media?parent=3308"}],"curies":[{"name":"wp","href":"https:\/\/api.w.org\/{rel}","templated":true}]}}