{"id":4080,"date":"2024-04-15T11:01:55","date_gmt":"2024-04-15T09:01:55","guid":{"rendered":"https:\/\/www.canoe-ardeche.com\/turismo-daffari-in-ardeche\/"},"modified":"2024-04-15T11:08:05","modified_gmt":"2024-04-15T09:08:05","slug":"turismo-daffari-in-ardeche","status":"publish","type":"page","link":"https:\/\/www.canoe-ardeche.com\/it\/turismo-daffari-in-ardeche\/","title":{"rendered":"Turismo d&#8217;affari in Ard\u00e8che"},"content":{"rendered":"<div class=\"fusion-fullwidth fullwidth-box fusion-builder-row-1 fusion-flex-container has-pattern-background has-mask-background nonhundred-percent-fullwidth non-hundred-percent-height-scrolling\" style=\"--awb-border-radius-top-left:0px;--awb-border-radius-top-right:0px;--awb-border-radius-bottom-right:0px;--awb-border-radius-bottom-left:0px;\" ><div class=\"fusion-builder-row fusion-row fusion-flex-align-items-flex-start\" style=\"max-width:1456px;margin-left: calc(-4% \/ 2 );margin-right: calc(-4% \/ 2 );\"><div class=\"fusion-layout-column fusion_builder_column fusion-builder-column-0 fusion_builder_column_1_1 1_1 fusion-flex-column\" style=\"--awb-bg-size:cover;--awb-width-large:100%;--awb-spacing-right-large:1.92%;--awb-spacing-left-large:1.92%;--awb-width-medium:100%;--awb-order-medium:0;--awb-spacing-right-medium:1.92%;--awb-spacing-left-medium:1.92%;--awb-width-small:100%;--awb-order-small:0;--awb-spacing-right-small:1.92%;--awb-spacing-left-small:1.92%;\"><div class=\"fusion-column-wrapper fusion-column-has-shadow fusion-flex-justify-content-flex-start fusion-content-layout-column\"><div class=\"fusion-text fusion-text-1\"><p><strong>Turismo d&#8217;affari in Ard\u00e8che: una destinazione unica per i vostri eventi professionali<\/strong><\/p>\n<p>Cerchi un luogo eccezionale, nel cuore di una natura selvaggia e preservata, per riunire le tue squadre? L&#8217;Ard\u00e8che, con le sue maestose Gole dell&#8217;Ard\u00e8che, \u00e8 la scelta perfetta.<\/p>\n<p><strong>Infrastrutture moderne adatte alle vostre esigenze<\/strong><\/p>\n<p>Che tu voglia una sala riunioni intima per discussioni in piccoli gruppi o uno spazio spazioso per una sessione plenaria, il sud dell&#8217;Ard\u00e8che ha ci\u00f2 di cui hai bisogno. Grazie alle numerose sale riunioni di diversa capienza presenti nella zona, in grado di ospitare da 20 a 500 persone, troverai facilmente la cornice ideale per il tuo evento.<\/p>\n<p><strong>Alloggi di qualit\u00e0 adatti a tutti i gusti<\/strong><\/p>\n<p>L&#8217;offerta di alloggi nella regione delle Gorges de l&#8217;Ard\u00e8che \u00e8 varia e si adatta alle vostre esigenze e preferenze. Lavoriamo in collaborazione con lodge, hotel, villaggi turistici e campeggi di fascia alta, offrendo servizi da 2 a 5 stelle. Tra i nostri partner figurano strutture rinomate come Domaine de S\u00e9venier, Camping Ranc Davaine, Domaine des Ranchisses e Domaine Lou Capitelle.<\/p>\n<p><strong>Gastronomia di qualit\u00e0 e scoperta culinaria<\/strong><\/p>\n<p>L&#8217;Ard\u00e8che \u00e8 rinomata per la sua ricca gastronomia e le specialit\u00e0 locali. Approfitta del nostro terroir eccezionale per degustare prodotti locali di qualit\u00e0. Troverai una variet\u00e0 di ristoranti e catering nelle comunit\u00e0 intorno a <a href=\"https:\/\/www.canoe-ardeche.com\/it\/informazioni-pratiche\/pont-darc-sito-classificato\/\">Pont d&#8217;Arc<\/a>, nonch\u00e9 opzioni ristorative di qualit\u00e0 offerte dai nostri partner di alloggio.<\/p>\n<p><strong>Attivit\u00e0 uniche per rafforzare la coesione del team<\/strong><\/p>\n<p>Le Gole dell&#8217;Ard\u00e8che propongono un&#8217;ampia scelta di attivit\u00e0 che uniscono sport e cultura. Visita siti imperdibili come lo Spazio di Ricostituzione della Grotta Chauvet, la Grotte de l&#8217;Aven d&#8217;Orgnac (Grand Site de France) o l&#8217;Espace N\u00e9ovinum des Vignerons Ard\u00e9chois. Allo stesso tempo, partecipa ad attivit\u00e0 all&#8217;aria aperta come canyoning, speleologia, mountain bike, arrampicata sugli alberi, escursionismo. Non perdetevi l&#8217;esperienza indimenticabile <a href=\"https:\/\/www.canoe-ardeche.com\/it\/canoa-dellardeche-la-discesa\/\">della discesa in canoa<\/a> delle Gole dell&#8217;Ard\u00e8che, con percorsi da 5 a 36 km, adatti a tutti i livelli. Accompagnati o in corso gratuito, di poche ore o pi\u00f9 giorni, la Base Nautica di Pont d&#8217;Arc sapr\u00e0 proporvi la gita in canoa adattata ai vostri desideri, un&#8217;esperienza sicuramente indimenticabile.<\/p>\n<p><strong>Impegno ambientale e marchi di qualit\u00e0<\/strong><\/p>\n<p>L&#8217;Ard\u00e8che \u00e8 riconosciuta per il suo impegno a favore dell&#8217;ambiente, che la rende leader nel turismo verde regionale. Siti iconici come la grotta Chauvet (patrimonio mondiale dell&#8217;UNESCO) e l&#8217;Aven d&#8217;Orgnac (Grand Site de France) ne sono esempi. Le Gorges de l&#8217;Ard\u00e8che, riserva naturale dal 1980, custodiscono una biodiversit\u00e0 eccezionale da scoprire durante un&#8217;escursione in canoa.<\/p>\n<p><strong>Accesso<\/strong><\/p>\n<p>Le Gorges de l&#8217;Ard\u00e8che si trovano in prossimit\u00e0 delle principali vie di comunicazione della Valle del Rodano (autostrada A7, linea TGV e stazione TGV di Avignone e TGV di Valence, stazione di Mont\u00e9limar, infine tutte queste stazioni sono collegate quotidianamente a Vallon Pont d&#8217;Arc da un pullman linea). Vicino alle grandi citt\u00e0 del Sud-Est (Montpellier, Lione, Marsiglia), l&#8217;Ard\u00e8che \u00e8 la destinazione ideale per i vostri eventi aziendali.<\/p>\n<p><strong>Clienti rinomati si fidano di noi<\/strong><\/p>\n<p>Con oltre 40 anni di esperienza nell&#8217;organizzazione di attivit\u00e0 all&#8217;aria aperta, la Base Nautica di Pont d&#8217;Arc accoglie ogni anno numerose aziende nazionali e internazionali. Tra i nostri clienti figurano aziende prestigiose come RTE, Coca-Cola, EDF, Engie e Michelin, ma anche PMI e VSE come La Fabrique Givr\u00e9e, Ecosph\u00e8re, TrollSportMontagne, Pellet, Satoriz e persino strutture pubbliche come Le PNR des Monts d &#8216;Ard\u00e8che, il CREPS Rodano Alpi Alvernia. Lavoriamo a stretto contatto con rinomate agenzie di viaggio per garantire il successo del vostro seminario.<\/p>\n<p>Non esitate a contattarci per qualsiasi richiesta di preventivo o informazioni per i vostri progetti seminariali. Vieni a vivere un&#8217;esperienza unica in Ard\u00e8che, dove lavoro e piacere si uniscono armoniosamente per creare ricordi indimenticabili.<\/p>\n<\/div><\/div><\/div><\/div><\/div>\n","protected":false},"excerpt":{"rendered":"","protected":false},"author":2,"featured_media":0,"parent":0,"menu_order":0,"comment_status":"closed","ping_status":"closed","template":"","meta":{"footnotes":""},"class_list":["post-4080","page","type-page","status-publish","hentry"],"_links":{"self":[{"href":"https:\/\/www.canoe-ardeche.com\/it\/wp-json\/wp\/v2\/pages\/4080","targetHints":{"allow":["GET"]}}],"collection":[{"href":"https:\/\/www.canoe-ardeche.com\/it\/wp-json\/wp\/v2\/pages"}],"about":[{"href":"https:\/\/www.canoe-ardeche.com\/it\/wp-json\/wp\/v2\/types\/page"}],"author":[{"embeddable":true,"href":"https:\/\/www.canoe-ardeche.com\/it\/wp-json\/wp\/v2\/users\/2"}],"replies":[{"embeddable":true,"href":"https:\/\/www.canoe-ardeche.com\/it\/wp-json\/wp\/v2\/comments?post=4080"}],"version-history":[{"count":1,"href":"https:\/\/www.canoe-ardeche.com\/it\/wp-json\/wp\/v2\/pages\/4080\/revisions"}],"predecessor-version":[{"id":4084,"href":"https:\/\/www.canoe-ardeche.com\/it\/wp-json\/wp\/v2\/pages\/4080\/revisions\/4084"}],"wp:attachment":[{"href":"https:\/\/www.canoe-ardeche.com\/it\/wp-json\/wp\/v2\/media?parent=4080"}],"curies":[{"name":"wp","href":"https:\/\/api.w.org\/{rel}","templated":true}]}}