{"id":4075,"date":"2024-04-15T10:11:41","date_gmt":"2024-04-15T08:11:41","guid":{"rendered":"https:\/\/www.canoe-ardeche.com\/zakelijk-toerisme-in-de-ardeche\/"},"modified":"2024-04-15T11:03:43","modified_gmt":"2024-04-15T09:03:43","slug":"zakelijk-toerisme-in-de-ardeche","status":"publish","type":"page","link":"https:\/\/www.canoe-ardeche.com\/nl\/zakelijk-toerisme-in-de-ardeche\/","title":{"rendered":"Zakelijk toerisme in de Ard\u00e8che"},"content":{"rendered":"<div class=\"fusion-fullwidth fullwidth-box fusion-builder-row-1 fusion-flex-container has-pattern-background has-mask-background nonhundred-percent-fullwidth non-hundred-percent-height-scrolling\" style=\"--awb-border-radius-top-left:0px;--awb-border-radius-top-right:0px;--awb-border-radius-bottom-right:0px;--awb-border-radius-bottom-left:0px;\" ><div class=\"fusion-builder-row fusion-row fusion-flex-align-items-flex-start\" style=\"max-width:1456px;margin-left: calc(-4% \/ 2 );margin-right: calc(-4% \/ 2 );\"><div class=\"fusion-layout-column fusion_builder_column fusion-builder-column-0 fusion_builder_column_1_1 1_1 fusion-flex-column\" style=\"--awb-bg-size:cover;--awb-width-large:100%;--awb-spacing-right-large:1.92%;--awb-spacing-left-large:1.92%;--awb-width-medium:100%;--awb-order-medium:0;--awb-spacing-right-medium:1.92%;--awb-spacing-left-medium:1.92%;--awb-width-small:100%;--awb-order-small:0;--awb-spacing-right-small:1.92%;--awb-spacing-left-small:1.92%;\"><div class=\"fusion-column-wrapper fusion-column-has-shadow fusion-flex-justify-content-flex-start fusion-content-layout-column\"><div class=\"fusion-text fusion-text-1\"><p><strong>Le Tourisme d&#8217;Affaires en Ard\u00e8che : Une destination unique pour vos \u00e9v\u00e9nements professionnels<\/strong><\/p>\n<p>Bent u op zoek naar een uitzonderlijke plek, in het hart van de wilde en ongerepte natuur, om uw teams samen te brengen? Dee Ard\u00e8che met de majestueuze Gorges de l&#8217;Ard\u00e8che is perfect.<\/p>\n<p><strong>Moderne infrastructuren aangepast aan uw behoeften<\/strong><\/p>\n<p>Of u nu een intieme vergaderruimte zoekt voor kleine groepsgesprekken of een ruime ruimte voor een plenaire sessie, het zuiden van de Ard\u00e8che heeft wat u nodig heeft. Met verschillende vergaderzalen met verschillende capaciteiten in de omgeving, die plaats bieden aan 20 tot 500 personen, vindt u gemakkelijk de ideale setting voor uw evenement.<\/p>\n<p><strong>Kwaliteitsaccommodatie geschikt voor alle smaken<\/strong><\/p>\n<p>Het accommodatieaanbod in de regio Gorges de l&#8217;Ard\u00e8che is gevarieerd en past zich aan uw behoeften en voorkeuren aan. We werken samen met hoogwaardige groepslodges, hotels, vakantiedorpen en campings en bieden 2- tot 5-sterrendiensten aan. Tot onze partners behoren gerenommeerde vestigingen als Domaine de S\u00e9venier, Camping Ranc Davaine, Domaine des Ranchisses en Domaine Lou Capitelle.<\/p>\n<p><strong>Kwaliteitsgastronomie en culinaire ontdekking<\/strong><\/p>\n<p>De Ard\u00e8che staat bekend om zijn rijke gastronomie en lokale specialiteiten. Profiteer van ons uitzonderlijke terroir om lokale kwaliteitsproducten te proeven. In de gemeenschappen rond <a href=\"https:\/\/www.canoe-ardeche.com\/nl\/praktische-informatie\/de-pont-darc\/\">Pont d&#8217;Arc<\/a> vindt u een verscheidenheid aan restaurants en cateraars, evenals hoogwaardige eetgelegenheden die worden aangeboden door onze accommodatiepartners.<\/p>\n<p><strong>Unieke activiteiten om de teamcohesie te versterken<\/strong><\/p>\n<p>De Gorges de l&#8217;Ard\u00e8che bieden een scala aan activiteiten die sport en cultuur combineren. Bezoek essenti\u00eble bezienswaardigheden zoals de Reconstitutieruimte van de Chauvet-grot, de Grotte de l&#8217;Aven d&#8217;Orgnac (Grand Site de France) of de Espace N\u00e9ovinum des Vignerons Ard\u00e9chois. Neem tegelijkertijd deel aan buitenactiviteiten zoals canyoning, speleologie, mountainbiken, boomklimmen, wandelen. Mis de onvergetelijke ervaring van <a href=\"https:\/\/www.canoe-ardeche.com\/nl\/de-kanotochten\/\">het kano\u00ebn op de Gorges de l&#8217;Ard\u00e8che<\/a> niet, met routes van 5 tot 36 km, geschikt voor alle niveaus. Begeleid of niet, gedurende een paar uur of meerdere dagen, kan Base Nautique du Pont d&#8217;Arc u een kanotocht aanbieden die is aangepast aan uw wensen, een ervaring die zeker onvergetelijk zal zijn.<\/p>\n<p><strong>Milieu-engagement en kwaliteitslabels<\/strong><\/p>\n<p>De Ard\u00e8che staat bekend om zijn inzet voor het milieu, waardoor het een leider is op het gebied van regionaal groen toerisme. Iconische locaties zoals de Chauvet-grot (UNESCO Werelderfgoed) en de Aven d&#8217;Orgnac (Grand Site de France) zijn voorbeelden. De Gorges de l&#8217;Ard\u00e8che, een natuurreservaat sinds 1980, herbergt een uitzonderlijke biodiversiteit die u tijdens een kanotocht kunt ontdekken.<\/p>\n<p><strong>Toegang<\/strong><\/p>\n<p>De Gorges de l&#8217;Ard\u00e8che liggen vlakbij de belangrijkste communicatieroutes van de Rh\u00f4nevallei (snelweg A7, TGV-lijn en TGV-station Avignon en Valence TGV, station Mont\u00e9limar, tenslotte zijn al deze stations dagelijks verbonden met Vallon Pont d&#8217;Arc door een bus lijn). Dicht bij de grote steden in de zuidoostelijke wijk (Montpellier, Lyon, Marseille) is de Ard\u00e8che de ideale bestemming voor uw bedrijfsevenementen.<\/p>\n<p><strong>Gerenommeerde klanten vertrouwen ons<\/strong><\/p>\n<p>Met meer dan 40 jaar ervaring in het organiseren van buitenactiviteiten verwelkomt de nautische basis Pont d&#8217;Arc jaarlijks talrijke nationale en internationale bedrijven. Tot onze klanten behoren prestigieuze bedrijven zoals RTE, Coca-Cola, EDF, Engie en Michelin, maar ook kmo\u2019s en kleine en grote bedrijven zoals La Fabrique Givr\u00e9e, Ecosph\u00e8re, TrollSportMontagne, Pellet, Satoriz en zelfs publieke structuren zoals Le PNR des Monts d &#8216;Ard\u00e8che, de CREPS Rh\u00f4ne Alpes Auvergne. Wij werken nauw samen met gerenommeerde reisbureaus om het succes van uw seminarie te garanderen.<\/p>\n<p>Aarzel niet om ons te contacteren voor elke aanvraag voor een offerte of informatie voor uw seminarieprojecten. Kom en beleef een unieke ervaring in de Ard\u00e8che, waar werk en plezier harmonieus samengaan om onvergetelijke herinneringen te cre\u00ebren.<\/p>\n<\/div><\/div><\/div><\/div><\/div>\n","protected":false},"excerpt":{"rendered":"","protected":false},"author":2,"featured_media":0,"parent":0,"menu_order":0,"comment_status":"closed","ping_status":"closed","template":"","meta":{"footnotes":""},"class_list":["post-4075","page","type-page","status-publish","hentry"],"_links":{"self":[{"href":"https:\/\/www.canoe-ardeche.com\/nl\/wp-json\/wp\/v2\/pages\/4075","targetHints":{"allow":["GET"]}}],"collection":[{"href":"https:\/\/www.canoe-ardeche.com\/nl\/wp-json\/wp\/v2\/pages"}],"about":[{"href":"https:\/\/www.canoe-ardeche.com\/nl\/wp-json\/wp\/v2\/types\/page"}],"author":[{"embeddable":true,"href":"https:\/\/www.canoe-ardeche.com\/nl\/wp-json\/wp\/v2\/users\/2"}],"replies":[{"embeddable":true,"href":"https:\/\/www.canoe-ardeche.com\/nl\/wp-json\/wp\/v2\/comments?post=4075"}],"version-history":[{"count":1,"href":"https:\/\/www.canoe-ardeche.com\/nl\/wp-json\/wp\/v2\/pages\/4075\/revisions"}],"predecessor-version":[{"id":4081,"href":"https:\/\/www.canoe-ardeche.com\/nl\/wp-json\/wp\/v2\/pages\/4075\/revisions\/4081"}],"wp:attachment":[{"href":"https:\/\/www.canoe-ardeche.com\/nl\/wp-json\/wp\/v2\/media?parent=4075"}],"curies":[{"name":"wp","href":"https:\/\/api.w.org\/{rel}","templated":true}]}}